{"id":2247,"date":"2022-04-24T12:37:18","date_gmt":"2022-04-24T12:37:18","guid":{"rendered":"https:\/\/hiddencurriculum.ca\/evaluation-des-competences-nouveau-uu\/"},"modified":"2024-01-22T10:32:42","modified_gmt":"2024-01-22T10:32:42","slug":"evaluation-des-competences-nouveau-uu","status":"publish","type":"page","link":"https:\/\/hiddencurriculum.ca\/fr\/evaluation-des-competences-nouveau-uu\/","title":{"rendered":"\u00c9valuation des comp\u00e9tences"},"content":{"rendered":"<div id=\"pl-2247\"  class=\"panel-layout\" ><div id=\"pg-2247-0\"  class=\"panel-grid panel-no-style\" ><div id=\"pgc-2247-0-0\"  class=\"panel-grid-cell\" ><div id=\"panel-2247-0-0-0\" class=\"so-panel widget widget_text panel-first-child panel-last-child\" data-index=\"0\" >\t\t\t<div class=\"textwidget\"><p>Les bilans de comp\u00e9tences individuels sont accessibles ci-dessous. Le terme \u00ab&nbsp;comp\u00e9tence&nbsp;\u00bb est d\u00e9fini au sens large et peut \u00e9galement faire r\u00e9f\u00e9rence \u00e0 une prise de conscience de sujets. Ces \u00e9valuations poseront une s\u00e9rie de questions qui se rapportent \u00e0 la comp\u00e9tence des apprenants pour la comp\u00e9tence\/sujet et la pertinence de celle-ci par rapport \u00e0 leurs besoins acad\u00e9miques et\/ou personnels.<\/p>\n<\/div>\n\t\t<\/div><\/div><\/div><\/div>","protected":false},"excerpt":{"rendered":"<p>Les bilans de comp\u00e9tences individuels sont accessibles ci-dessous. Le terme \u00ab&nbsp;comp\u00e9tence&nbsp;\u00bb est d\u00e9fini au sens large et peut \u00e9galement faire r\u00e9f\u00e9rence \u00e0 une prise de [&hellip;]<\/p>\n","protected":false},"author":1,"featured_media":0,"parent":0,"menu_order":0,"comment_status":"closed","ping_status":"closed","template":"template\/skill-assessment.php","meta":{"inline_featured_image":false,"footnotes":"","_links_to":"","_links_to_target":""},"folder":[],"class_list":["post-2247","page","type-page","status-publish","hentry"],"acf":[],"yoast_head":"<!-- This site is optimized with the Yoast SEO plugin v18.8 - https:\/\/yoast.com\/wordpress\/plugins\/seo\/ -->\n<title>\u00c9valuation des comp\u00e9tences | Uncovering The Hidden Curriculum<\/title>\n<meta name=\"robots\" content=\"index, follow, max-snippet:-1, max-image-preview:large, max-video-preview:-1\" \/>\n<link rel=\"canonical\" href=\"https:\/\/hiddencurriculum.ca\/fr\/evaluation-des-competences-nouveau-uu\/\" \/>\n<meta property=\"og:locale\" content=\"fr_FR\" \/>\n<meta property=\"og:type\" content=\"article\" \/>\n<meta property=\"og:title\" content=\"\u00c9valuation des comp\u00e9tences | Uncovering The Hidden Curriculum\" \/>\n<meta property=\"og:description\" content=\"Les bilans de comp\u00e9tences individuels sont accessibles ci-dessous. Le terme \u00ab&nbsp;comp\u00e9tence&nbsp;\u00bb est d\u00e9fini au sens large et peut \u00e9galement faire r\u00e9f\u00e9rence \u00e0 une prise de [&hellip;]\" \/>\n<meta property=\"og:url\" content=\"https:\/\/hiddencurriculum.ca\/fr\/evaluation-des-competences-nouveau-uu\/\" \/>\n<meta property=\"og:site_name\" content=\"Uncovering The Hidden Curriculum\" \/>\n<meta property=\"article:modified_time\" content=\"2024-01-22T10:32:42+00:00\" \/>\n<meta name=\"twitter:card\" content=\"summary_large_image\" \/>\n<script type=\"application\/ld+json\" class=\"yoast-schema-graph\">{\"@context\":\"https:\/\/schema.org\",\"@graph\":[{\"@type\":\"Organization\",\"@id\":\"https:\/\/hiddencurriculum.ca\/#organization\",\"name\":\"Uncovering The Hidden Curriculum\",\"url\":\"https:\/\/hiddencurriculum.ca\/\",\"sameAs\":[],\"logo\":{\"@type\":\"ImageObject\",\"inLanguage\":\"fr-FR\",\"@id\":\"https:\/\/hiddencurriculum.ca\/#\/schema\/logo\/image\/\",\"url\":\"https:\/\/hiddencurriculum.ca\/wp-content\/uploads\/2022\/02\/logo.jpg\",\"contentUrl\":\"https:\/\/hiddencurriculum.ca\/wp-content\/uploads\/2022\/02\/logo.jpg\",\"width\":612,\"height\":123,\"caption\":\"Uncovering The Hidden Curriculum\"},\"image\":{\"@id\":\"https:\/\/hiddencurriculum.ca\/#\/schema\/logo\/image\/\"}},{\"@type\":\"WebSite\",\"@id\":\"https:\/\/hiddencurriculum.ca\/#website\",\"url\":\"https:\/\/hiddencurriculum.ca\/\",\"name\":\"Uncovering The Hidden Curriculum\",\"description\":\"\",\"publisher\":{\"@id\":\"https:\/\/hiddencurriculum.ca\/#organization\"},\"potentialAction\":[{\"@type\":\"SearchAction\",\"target\":{\"@type\":\"EntryPoint\",\"urlTemplate\":\"https:\/\/hiddencurriculum.ca\/?s={search_term_string}\"},\"query-input\":\"required name=search_term_string\"}],\"inLanguage\":\"fr-FR\"},{\"@type\":\"WebPage\",\"@id\":\"https:\/\/hiddencurriculum.ca\/fr\/evaluation-des-competences-nouveau-uu\/#webpage\",\"url\":\"https:\/\/hiddencurriculum.ca\/fr\/evaluation-des-competences-nouveau-uu\/\",\"name\":\"\u00c9valuation des comp\u00e9tences | Uncovering The Hidden Curriculum\",\"isPartOf\":{\"@id\":\"https:\/\/hiddencurriculum.ca\/#website\"},\"datePublished\":\"2022-04-24T12:37:18+00:00\",\"dateModified\":\"2024-01-22T10:32:42+00:00\",\"breadcrumb\":{\"@id\":\"https:\/\/hiddencurriculum.ca\/fr\/evaluation-des-competences-nouveau-uu\/#breadcrumb\"},\"inLanguage\":\"fr-FR\",\"potentialAction\":[{\"@type\":\"ReadAction\",\"target\":[\"https:\/\/hiddencurriculum.ca\/fr\/evaluation-des-competences-nouveau-uu\/\"]}]},{\"@type\":\"BreadcrumbList\",\"@id\":\"https:\/\/hiddencurriculum.ca\/fr\/evaluation-des-competences-nouveau-uu\/#breadcrumb\",\"itemListElement\":[{\"@type\":\"ListItem\",\"position\":1,\"name\":\"Home\",\"item\":\"https:\/\/hiddencurriculum.ca\/fr\/\"},{\"@type\":\"ListItem\",\"position\":2,\"name\":\"\u00c9valuation des comp\u00e9tences\"}]}]}<\/script>\n<!-- \/ Yoast SEO plugin. -->","yoast_head_json":{"title":"\u00c9valuation des comp\u00e9tences | Uncovering The Hidden Curriculum","robots":{"index":"index","follow":"follow","max-snippet":"max-snippet:-1","max-image-preview":"max-image-preview:large","max-video-preview":"max-video-preview:-1"},"canonical":"https:\/\/hiddencurriculum.ca\/fr\/evaluation-des-competences-nouveau-uu\/","og_locale":"fr_FR","og_type":"article","og_title":"\u00c9valuation des comp\u00e9tences | Uncovering The Hidden Curriculum","og_description":"Les bilans de comp\u00e9tences individuels sont accessibles ci-dessous. Le terme \u00ab&nbsp;comp\u00e9tence&nbsp;\u00bb est d\u00e9fini au sens large et peut \u00e9galement faire r\u00e9f\u00e9rence \u00e0 une prise de [&hellip;]","og_url":"https:\/\/hiddencurriculum.ca\/fr\/evaluation-des-competences-nouveau-uu\/","og_site_name":"Uncovering The Hidden Curriculum","article_modified_time":"2024-01-22T10:32:42+00:00","twitter_card":"summary_large_image","schema":{"@context":"https:\/\/schema.org","@graph":[{"@type":"Organization","@id":"https:\/\/hiddencurriculum.ca\/#organization","name":"Uncovering The Hidden Curriculum","url":"https:\/\/hiddencurriculum.ca\/","sameAs":[],"logo":{"@type":"ImageObject","inLanguage":"fr-FR","@id":"https:\/\/hiddencurriculum.ca\/#\/schema\/logo\/image\/","url":"https:\/\/hiddencurriculum.ca\/wp-content\/uploads\/2022\/02\/logo.jpg","contentUrl":"https:\/\/hiddencurriculum.ca\/wp-content\/uploads\/2022\/02\/logo.jpg","width":612,"height":123,"caption":"Uncovering The Hidden Curriculum"},"image":{"@id":"https:\/\/hiddencurriculum.ca\/#\/schema\/logo\/image\/"}},{"@type":"WebSite","@id":"https:\/\/hiddencurriculum.ca\/#website","url":"https:\/\/hiddencurriculum.ca\/","name":"Uncovering The Hidden Curriculum","description":"","publisher":{"@id":"https:\/\/hiddencurriculum.ca\/#organization"},"potentialAction":[{"@type":"SearchAction","target":{"@type":"EntryPoint","urlTemplate":"https:\/\/hiddencurriculum.ca\/?s={search_term_string}"},"query-input":"required name=search_term_string"}],"inLanguage":"fr-FR"},{"@type":"WebPage","@id":"https:\/\/hiddencurriculum.ca\/fr\/evaluation-des-competences-nouveau-uu\/#webpage","url":"https:\/\/hiddencurriculum.ca\/fr\/evaluation-des-competences-nouveau-uu\/","name":"\u00c9valuation des comp\u00e9tences | Uncovering The Hidden Curriculum","isPartOf":{"@id":"https:\/\/hiddencurriculum.ca\/#website"},"datePublished":"2022-04-24T12:37:18+00:00","dateModified":"2024-01-22T10:32:42+00:00","breadcrumb":{"@id":"https:\/\/hiddencurriculum.ca\/fr\/evaluation-des-competences-nouveau-uu\/#breadcrumb"},"inLanguage":"fr-FR","potentialAction":[{"@type":"ReadAction","target":["https:\/\/hiddencurriculum.ca\/fr\/evaluation-des-competences-nouveau-uu\/"]}]},{"@type":"BreadcrumbList","@id":"https:\/\/hiddencurriculum.ca\/fr\/evaluation-des-competences-nouveau-uu\/#breadcrumb","itemListElement":[{"@type":"ListItem","position":1,"name":"Home","item":"https:\/\/hiddencurriculum.ca\/fr\/"},{"@type":"ListItem","position":2,"name":"\u00c9valuation des comp\u00e9tences"}]}]}},"_links":{"self":[{"href":"https:\/\/hiddencurriculum.ca\/fr\/wp-json\/wp\/v2\/pages\/2247","targetHints":{"allow":["GET"]}}],"collection":[{"href":"https:\/\/hiddencurriculum.ca\/fr\/wp-json\/wp\/v2\/pages"}],"about":[{"href":"https:\/\/hiddencurriculum.ca\/fr\/wp-json\/wp\/v2\/types\/page"}],"author":[{"embeddable":true,"href":"https:\/\/hiddencurriculum.ca\/fr\/wp-json\/wp\/v2\/users\/1"}],"replies":[{"embeddable":true,"href":"https:\/\/hiddencurriculum.ca\/fr\/wp-json\/wp\/v2\/comments?post=2247"}],"version-history":[{"count":1,"href":"https:\/\/hiddencurriculum.ca\/fr\/wp-json\/wp\/v2\/pages\/2247\/revisions"}],"predecessor-version":[{"id":2740,"href":"https:\/\/hiddencurriculum.ca\/fr\/wp-json\/wp\/v2\/pages\/2247\/revisions\/2740"}],"wp:attachment":[{"href":"https:\/\/hiddencurriculum.ca\/fr\/wp-json\/wp\/v2\/media?parent=2247"}],"wp:term":[{"taxonomy":"folder","embeddable":true,"href":"https:\/\/hiddencurriculum.ca\/fr\/wp-json\/wp\/v2\/folder?post=2247"}],"curies":[{"name":"wp","href":"https:\/\/api.w.org\/{rel}","templated":true}]}}