{"id":1649,"date":"2022-03-21T20:36:41","date_gmt":"2022-03-21T20:36:41","guid":{"rendered":"https:\/\/hiddencurriculum.ca\/self-assessment\/"},"modified":"2022-05-13T07:45:03","modified_gmt":"2022-05-13T07:45:03","slug":"autoevaluation","status":"publish","type":"page","link":"https:\/\/hiddencurriculum.ca\/fr\/autoevaluation\/","title":{"rendered":"Auto\u00e9valuation"},"content":{"rendered":"<div id=\"pl-1649\"  class=\"panel-layout\" ><div id=\"pg-1649-0\"  class=\"panel-grid panel-no-style\" ><div id=\"pgc-1649-0-0\"  class=\"panel-grid-cell\" ><div id=\"panel-1649-0-0-0\" class=\"so-panel widget widget_text panel-first-child panel-last-child\" data-index=\"0\" ><div class=\"text-left panel-widget-style panel-widget-style-for-1649-0-0-0\" ><h3 class=\"widget-title\">\u00c9valuation de vos besoins<\/h3>\t\t\t<div class=\"textwidget\"><p>Une auto\u00e9valuation est cr\u00e9\u00e9e pour ce projet parce que nous reconnaissons que certains apprenants et apprenantes peuvent ignorer ce qu\u2019ils ne savent pas. Il est possible que les \u00e9ducateurs et \u00e9ducatrices soient incertains des comp\u00e9tences qu\u2019ils doivent le plus perfectionner chez les \u00e9tudiants et \u00e9tudiantes (comp\u00e9tence per\u00e7ue) ou des comp\u00e9tences les plus importantes dans leur contexte individuel (pertinence). Nous avons con\u00e7u une auto\u00e9valuation du domaine et une auto\u00e9valuation des comp\u00e9tences pour les aider \u00e0 trouver les informations dont ils ont le plus besoin \u00e0 un moment donn\u00e9. Un apprenant ou une apprenante est d\u00e9fini ou d\u00e9finie comme un \u00e9ducateur ou une \u00e9ducatrice qui souhaite d\u00e9couvrir les contenus et les ressources qu\u2019il ou elle peut int\u00e9grer dans son programme d\u2019\u00e9tudes ou comme un \u00e9tudiant ou une \u00e9tudiante qui souhaite acc\u00e9der directement au mat\u00e9riel. On n\u2019a pas forc\u00e9ment besoin de compl\u00e9ter ces auto\u00e9valuations et on peut choisir d\u2019acc\u00e9der aux contenus et ressources \u00e0 partir de la page d\u2019accueil ou en utilisant l\u2019outil de recherche. <span class=\"EOP SCXW264192729 BCX0\" data-ccp-props=\"{&quot;201341983&quot;:0,&quot;335559739&quot;:160,&quot;335559740&quot;:257}\">\u00a0<\/span><\/p>\n<\/div>\n\t\t<\/div><\/div><\/div><\/div><div id=\"pg-1649-1\"  class=\"panel-grid panel-no-style\" ><div id=\"pgc-1649-1-0\"  class=\"panel-grid-cell\" ><div id=\"panel-1649-1-0-0\" class=\"so-panel widget widget_text panel-first-child panel-last-child\" data-index=\"1\" ><div class=\"text-left panel-widget-style panel-widget-style-for-1649-1-0-0\" ><h3 class=\"widget-title\">\u00c9valuation du domaine<\/h3>\t\t\t<div class=\"textwidget\"><p>L\u2019\u00e9valuation du domaine consiste en un ensemble de questions dirig\u00e9es concernant la comp\u00e9tence per\u00e7ue de l\u2019apprenant ou de l\u2019apprenante dans le domaine, et la pertinence de ce domaine par rapport \u00e0 ses besoins p\u00e9dagogiques et\/ou personnels. Au sens large, un domaine englobe un ensemble de comp\u00e9tences et de sujets qui sont regroup\u00e9s. Il existe cinq domaines\u00a0: la fonction ex\u00e9cutive, la communication, la pens\u00e9e critique, l\u2019intelligence intrapersonnelle et interpersonnelle, et la responsabilit\u00e9 sociale. Par cons\u00e9quent, l\u2019apprenant ou l\u2019apprenante sera orient\u00e9 ou orient\u00e9e vers le domaine le plus pertinent en fonction de ses besoins. Apr\u00e8s avoir termin\u00e9 cette auto\u00e9valuation, il ou elle peut effectuer l\u2019\u00e9valuation des comp\u00e9tences pour ce domaine ou s\u00e9lectionner manuellement les comp\u00e9tences et\/ou les sujets qu\u2019il ou elle souhaite explorer davantage.<\/p>\n<p><span data-ccp-props=\"{&quot;201341983&quot;:0,&quot;335559739&quot;:160,&quot;335559740&quot;:257}\">\u00a0<\/span><\/p>\n<p><a class=\"btn btn-secondary\" title=\"Domain Assessment Button\" href=\"\/fr\/questions-devaluation\/\">\u00c9VALUATION DU DOMAINE<\/a><\/p>\n<\/div>\n\t\t<\/div><\/div><\/div><\/div><div id=\"pg-1649-2\"  class=\"panel-grid panel-no-style\" ><div id=\"pgc-1649-2-0\"  class=\"panel-grid-cell\" ><div id=\"panel-1649-2-0-0\" class=\"so-panel widget widget_text panel-first-child panel-last-child\" data-index=\"2\" ><div class=\"text-left panel-widget-style panel-widget-style-for-1649-2-0-0\" ><h3 class=\"widget-title\">\u00c9valuation des comp\u00e9tences<\/h3>\t\t\t<div class=\"textwidget\"><p>L\u2019\u00e9valuation des comp\u00e9tences est un ensemble de questions dirig\u00e9es concernant la ma\u00eetrise per\u00e7ue de la comp\u00e9tence par l\u2019apprenant ou l\u2019apprenante, et la pertinence de celle-ci par rapport \u00e0 ses besoins p\u00e9dagogiques et\/ou personnels. Le terme \u00ab\u00a0comp\u00e9tence\u00a0\u00bb est pris au sens large et peut \u00e9galement renvoyer \u00e0 la connaissance d\u2019un sujet. Le nombre de comp\u00e9tences et\/ou de sujets varie dans chaque domaine. En cons\u00e9quence, l\u2019apprenant ou l\u2019apprenante sera dirig\u00e9 ou dirig\u00e9e vers les trois comp\u00e9tences les plus adapt\u00e9es \u00e0 ses besoins. Il ou elle peut effectuer cette \u00e9valuation apr\u00e8s avoir termin\u00e9 l\u2019\u00e9valuation du domaine ou l\u2019entamer directement, selon le domaine qui l\u2019int\u00e9resse. On peut en savoir plus sur chaque comp\u00e9tence en acc\u00e9dant aux modules relatifs aux diff\u00e9rents sujets.<\/p>\n<p><a class=\"btn btn-secondary\" title=\"\u00c9VALUATION DES COMP\u00c9TENCES\" href=\"\/fr\/evaluation-des-competences-nouveau-uu\/\">\u00c9VALUATION DES COMP\u00c9TENCES<\/a><\/p>\n<\/div>\n\t\t<\/div><\/div><\/div><\/div><\/div>","protected":false},"excerpt":{"rendered":"<p>Une auto\u00e9valuation est cr\u00e9\u00e9e pour ce projet parce que nous reconnaissons que certains apprenants et apprenantes peuvent ignorer ce qu\u2019ils ne savent pas. Il est [&hellip;]<\/p>\n","protected":false},"author":1,"featured_media":0,"parent":0,"menu_order":0,"comment_status":"closed","ping_status":"closed","template":"","meta":{"inline_featured_image":false,"footnotes":"","_links_to":"","_links_to_target":""},"folder":[],"class_list":["post-1649","page","type-page","status-publish","hentry"],"acf":[],"yoast_head":"<!-- This site is optimized with the Yoast SEO plugin v18.8 - https:\/\/yoast.com\/wordpress\/plugins\/seo\/ -->\n<title>Auto\u00e9valuation | Uncovering The Hidden Curriculum<\/title>\n<meta name=\"robots\" content=\"index, follow, max-snippet:-1, max-image-preview:large, max-video-preview:-1\" \/>\n<link rel=\"canonical\" href=\"https:\/\/hiddencurriculum.ca\/fr\/autoevaluation\/\" \/>\n<meta property=\"og:locale\" content=\"fr_FR\" \/>\n<meta property=\"og:type\" content=\"article\" \/>\n<meta property=\"og:title\" content=\"Auto\u00e9valuation | Uncovering The Hidden Curriculum\" \/>\n<meta property=\"og:description\" content=\"Une auto\u00e9valuation est cr\u00e9\u00e9e pour ce projet parce que nous reconnaissons que certains apprenants et apprenantes peuvent ignorer ce qu\u2019ils ne savent pas. Il est [&hellip;]\" \/>\n<meta property=\"og:url\" content=\"https:\/\/hiddencurriculum.ca\/fr\/autoevaluation\/\" \/>\n<meta property=\"og:site_name\" content=\"Uncovering The Hidden Curriculum\" \/>\n<meta property=\"article:modified_time\" content=\"2022-05-13T07:45:03+00:00\" \/>\n<meta name=\"twitter:card\" content=\"summary_large_image\" \/>\n<meta name=\"twitter:label1\" content=\"Dur\u00e9e de lecture estim\u00e9e\" \/>\n\t<meta name=\"twitter:data1\" content=\"2 minutes\" \/>\n<script type=\"application\/ld+json\" class=\"yoast-schema-graph\">{\"@context\":\"https:\/\/schema.org\",\"@graph\":[{\"@type\":\"Organization\",\"@id\":\"https:\/\/hiddencurriculum.ca\/#organization\",\"name\":\"Uncovering The Hidden Curriculum\",\"url\":\"https:\/\/hiddencurriculum.ca\/\",\"sameAs\":[],\"logo\":{\"@type\":\"ImageObject\",\"inLanguage\":\"fr-FR\",\"@id\":\"https:\/\/hiddencurriculum.ca\/#\/schema\/logo\/image\/\",\"url\":\"https:\/\/hiddencurriculum.ca\/wp-content\/uploads\/2022\/02\/logo.jpg\",\"contentUrl\":\"https:\/\/hiddencurriculum.ca\/wp-content\/uploads\/2022\/02\/logo.jpg\",\"width\":612,\"height\":123,\"caption\":\"Uncovering The Hidden Curriculum\"},\"image\":{\"@id\":\"https:\/\/hiddencurriculum.ca\/#\/schema\/logo\/image\/\"}},{\"@type\":\"WebSite\",\"@id\":\"https:\/\/hiddencurriculum.ca\/#website\",\"url\":\"https:\/\/hiddencurriculum.ca\/\",\"name\":\"Uncovering The Hidden Curriculum\",\"description\":\"\",\"publisher\":{\"@id\":\"https:\/\/hiddencurriculum.ca\/#organization\"},\"potentialAction\":[{\"@type\":\"SearchAction\",\"target\":{\"@type\":\"EntryPoint\",\"urlTemplate\":\"https:\/\/hiddencurriculum.ca\/?s={search_term_string}\"},\"query-input\":\"required name=search_term_string\"}],\"inLanguage\":\"fr-FR\"},{\"@type\":\"WebPage\",\"@id\":\"https:\/\/hiddencurriculum.ca\/fr\/autoevaluation\/#webpage\",\"url\":\"https:\/\/hiddencurriculum.ca\/fr\/autoevaluation\/\",\"name\":\"Auto\u00e9valuation | Uncovering The Hidden Curriculum\",\"isPartOf\":{\"@id\":\"https:\/\/hiddencurriculum.ca\/#website\"},\"datePublished\":\"2022-03-21T20:36:41+00:00\",\"dateModified\":\"2022-05-13T07:45:03+00:00\",\"breadcrumb\":{\"@id\":\"https:\/\/hiddencurriculum.ca\/fr\/autoevaluation\/#breadcrumb\"},\"inLanguage\":\"fr-FR\",\"potentialAction\":[{\"@type\":\"ReadAction\",\"target\":[\"https:\/\/hiddencurriculum.ca\/fr\/autoevaluation\/\"]}]},{\"@type\":\"BreadcrumbList\",\"@id\":\"https:\/\/hiddencurriculum.ca\/fr\/autoevaluation\/#breadcrumb\",\"itemListElement\":[{\"@type\":\"ListItem\",\"position\":1,\"name\":\"Home\",\"item\":\"https:\/\/hiddencurriculum.ca\/fr\/\"},{\"@type\":\"ListItem\",\"position\":2,\"name\":\"Auto\u00e9valuation\"}]}]}<\/script>\n<!-- \/ Yoast SEO plugin. -->","yoast_head_json":{"title":"Auto\u00e9valuation | Uncovering The Hidden Curriculum","robots":{"index":"index","follow":"follow","max-snippet":"max-snippet:-1","max-image-preview":"max-image-preview:large","max-video-preview":"max-video-preview:-1"},"canonical":"https:\/\/hiddencurriculum.ca\/fr\/autoevaluation\/","og_locale":"fr_FR","og_type":"article","og_title":"Auto\u00e9valuation | Uncovering The Hidden Curriculum","og_description":"Une auto\u00e9valuation est cr\u00e9\u00e9e pour ce projet parce que nous reconnaissons que certains apprenants et apprenantes peuvent ignorer ce qu\u2019ils ne savent pas. Il est [&hellip;]","og_url":"https:\/\/hiddencurriculum.ca\/fr\/autoevaluation\/","og_site_name":"Uncovering The Hidden Curriculum","article_modified_time":"2022-05-13T07:45:03+00:00","twitter_card":"summary_large_image","twitter_misc":{"Dur\u00e9e de lecture estim\u00e9e":"2 minutes"},"schema":{"@context":"https:\/\/schema.org","@graph":[{"@type":"Organization","@id":"https:\/\/hiddencurriculum.ca\/#organization","name":"Uncovering The Hidden Curriculum","url":"https:\/\/hiddencurriculum.ca\/","sameAs":[],"logo":{"@type":"ImageObject","inLanguage":"fr-FR","@id":"https:\/\/hiddencurriculum.ca\/#\/schema\/logo\/image\/","url":"https:\/\/hiddencurriculum.ca\/wp-content\/uploads\/2022\/02\/logo.jpg","contentUrl":"https:\/\/hiddencurriculum.ca\/wp-content\/uploads\/2022\/02\/logo.jpg","width":612,"height":123,"caption":"Uncovering The Hidden Curriculum"},"image":{"@id":"https:\/\/hiddencurriculum.ca\/#\/schema\/logo\/image\/"}},{"@type":"WebSite","@id":"https:\/\/hiddencurriculum.ca\/#website","url":"https:\/\/hiddencurriculum.ca\/","name":"Uncovering The Hidden Curriculum","description":"","publisher":{"@id":"https:\/\/hiddencurriculum.ca\/#organization"},"potentialAction":[{"@type":"SearchAction","target":{"@type":"EntryPoint","urlTemplate":"https:\/\/hiddencurriculum.ca\/?s={search_term_string}"},"query-input":"required name=search_term_string"}],"inLanguage":"fr-FR"},{"@type":"WebPage","@id":"https:\/\/hiddencurriculum.ca\/fr\/autoevaluation\/#webpage","url":"https:\/\/hiddencurriculum.ca\/fr\/autoevaluation\/","name":"Auto\u00e9valuation | Uncovering The Hidden Curriculum","isPartOf":{"@id":"https:\/\/hiddencurriculum.ca\/#website"},"datePublished":"2022-03-21T20:36:41+00:00","dateModified":"2022-05-13T07:45:03+00:00","breadcrumb":{"@id":"https:\/\/hiddencurriculum.ca\/fr\/autoevaluation\/#breadcrumb"},"inLanguage":"fr-FR","potentialAction":[{"@type":"ReadAction","target":["https:\/\/hiddencurriculum.ca\/fr\/autoevaluation\/"]}]},{"@type":"BreadcrumbList","@id":"https:\/\/hiddencurriculum.ca\/fr\/autoevaluation\/#breadcrumb","itemListElement":[{"@type":"ListItem","position":1,"name":"Home","item":"https:\/\/hiddencurriculum.ca\/fr\/"},{"@type":"ListItem","position":2,"name":"Auto\u00e9valuation"}]}]}},"_links":{"self":[{"href":"https:\/\/hiddencurriculum.ca\/fr\/wp-json\/wp\/v2\/pages\/1649","targetHints":{"allow":["GET"]}}],"collection":[{"href":"https:\/\/hiddencurriculum.ca\/fr\/wp-json\/wp\/v2\/pages"}],"about":[{"href":"https:\/\/hiddencurriculum.ca\/fr\/wp-json\/wp\/v2\/types\/page"}],"author":[{"embeddable":true,"href":"https:\/\/hiddencurriculum.ca\/fr\/wp-json\/wp\/v2\/users\/1"}],"replies":[{"embeddable":true,"href":"https:\/\/hiddencurriculum.ca\/fr\/wp-json\/wp\/v2\/comments?post=1649"}],"version-history":[{"count":2,"href":"https:\/\/hiddencurriculum.ca\/fr\/wp-json\/wp\/v2\/pages\/1649\/revisions"}],"predecessor-version":[{"id":2552,"href":"https:\/\/hiddencurriculum.ca\/fr\/wp-json\/wp\/v2\/pages\/1649\/revisions\/2552"}],"wp:attachment":[{"href":"https:\/\/hiddencurriculum.ca\/fr\/wp-json\/wp\/v2\/media?parent=1649"}],"wp:term":[{"taxonomy":"folder","embeddable":true,"href":"https:\/\/hiddencurriculum.ca\/fr\/wp-json\/wp\/v2\/folder?post=1649"}],"curies":[{"name":"wp","href":"https:\/\/api.w.org\/{rel}","templated":true}]}}