{"id":1639,"date":"2022-02-08T13:23:56","date_gmt":"2022-02-08T13:23:56","guid":{"rendered":"https:\/\/hiddencurriculum.ca\/inclusion\/equity-diversity-inclusion-and-decolonization\/"},"modified":"2022-04-18T17:52:23","modified_gmt":"2022-04-18T17:52:23","slug":"equite-diversite-inclusion-et-decolonisation-edi-d","status":"publish","type":"page","link":"https:\/\/hiddencurriculum.ca\/fr\/inclusion\/equite-diversite-inclusion-et-decolonisation-edi-d\/","title":{"rendered":"\u00c9quit\u00e9, diversit\u00e9, inclusion et d\u00e9colonisation (EDI-D)"},"content":{"rendered":"<div id=\"pl-1639\"  class=\"panel-layout\" ><div id=\"pg-1639-0\"  class=\"panel-grid panel-no-style\" ><div id=\"pgc-1639-0-0\"  class=\"panel-grid-cell\" ><div id=\"panel-1639-0-0-0\" class=\"so-panel widget widget_nav_menu panel-first-child panel-last-child\" data-index=\"0\" ><nav class=\"menu-inclusion-fr-container\" aria-label=\"Menu\"><ul id=\"menu-inclusion-fr\" class=\"menu\"><li id=\"menu-item-1650\" class=\"menu-title menu-item menu-item-type-custom menu-item-object-custom menu-item-1650\"><a href=\"#\">LIENS RAPIDES<\/a><\/li>\n<li id=\"menu-item-1651\" class=\"menu-item menu-item-type-post_type menu-item-object-page menu-item-has-children menu-item-1651\"><a href=\"https:\/\/hiddencurriculum.ca\/fr\/inclusion\/\">L\u2019\u00c9DUCATION INCLUSIVE<\/a>\n<ul class=\"sub-menu\">\n\t<li id=\"menu-item-1652\" class=\"menu-item menu-item-type-post_type menu-item-object-page menu-item-1652\"><a href=\"https:\/\/hiddencurriculum.ca\/fr\/inclusion\/accessibilite\/\">Accessibilit\u00e9<\/a><\/li>\n\t<li id=\"menu-item-1653\" class=\"menu-item menu-item-type-post_type menu-item-object-page menu-item-1653\"><a href=\"https:\/\/hiddencurriculum.ca\/fr\/inclusion\/equite-diversite-inclusion-et-decolonisation-edi-d\/\">EDI-D<\/a><\/li>\n\t<li id=\"menu-item-1654\" class=\"menu-item menu-item-type-post_type menu-item-object-page menu-item-1654\"><a href=\"https:\/\/hiddencurriculum.ca\/fr\/inclusion\/ressources-bilingues\/\">Ressources Bilingues<\/a><\/li>\n<\/ul>\n<\/li>\n<\/ul><\/nav><\/div><\/div><div id=\"pgc-1639-0-1\"  class=\"panel-grid-cell\" ><div id=\"panel-1639-0-1-0\" class=\"so-panel widget widget_text panel-first-child\" data-index=\"1\" ><h3 class=\"widget-title\">Besoin de changement<\/h3>\t\t\t<div class=\"textwidget\"><ul>\n<li>La majeure partie de l\u2019\u00e9ducation postsecondaire au Canada repose sur des cadres coloniaux normatifs qui privil\u00e9gient les colons blancs par rapport aux \u00e9tudiants d&rsquo;autres groupes. Lorsque les comp\u00e9tences essentielles pour r\u00e9ussir dans le cadre de l&rsquo;\u00e9ducation sup\u00e9rieure demeurent cach\u00e9es, les in\u00e9galit\u00e9s demeurent \u00e9galement cach\u00e9es, non examin\u00e9es et non remises en question. En int\u00e9grant d\u00e9lib\u00e9r\u00e9ment les comp\u00e9tences ex\u00e9cutives, interpersonnelles et intrapersonnelles, la responsabilit\u00e9 sociale et d&rsquo;autres comp\u00e9tences dans le programme d\u2019\u00e9tudes, les \u00e9ducateurs et les \u00e9ducatrices cr\u00e9ent un espace pour le dialogue, la compr\u00e9hension et le changement.<\/li>\n<\/ul>\n<\/div>\n\t\t<\/div><div id=\"panel-1639-0-1-1\" class=\"so-panel widget widget_text panel-last-child\" data-index=\"2\" ><h3 class=\"widget-title\">Ressources \u00e9ducatives pour tous et toutes<\/h3>\t\t\t<div class=\"textwidget\"><ul>\n<li>De nombreux \u00e9ducateurs et \u00e9ducatrices reconnaissent qu&rsquo;il leur incombe de participer au d\u00e9mant\u00e8lement des structures et des syst\u00e8mes coloniaux et biais\u00e9s qui engendrent des in\u00e9galit\u00e9s dans l&rsquo;\u00e9ducation postsecondaire. Cependant, ils peuvent avoir de la difficult\u00e9 \u00e0 trouver des ressources \u00e9ducatives li\u00e9es \u00e0 l\u2019initiative de d\u00e9couvrir le curriculum cach\u00e9, qui ont \u00e9t\u00e9 \u00e9labor\u00e9es dans une optique d\u2019EDI-D. Les ressources \u00e9labor\u00e9es par des \u00e9quipes diversifi\u00e9es peuvent rejoindre davantage les \u00e9tudiants et \u00e9tudiantes ayant des origines et des perspectives diff\u00e9rentes. Lorsque ceux-ci voient leurs exp\u00e9riences refl\u00e9t\u00e9es dans ce qu&rsquo;ils apprennent, ils peuvent participer davantage au processus d&rsquo;apprentissage, \u00e9tablir des liens plus profonds avec la mati\u00e8re et utiliser leur propre apprentissage pour devenir des agents et agentes de changement social.<\/li>\n<li>Notre \u00e9quipe diversifi\u00e9e a tent\u00e9 d\u2019aborder cette question en consultant des experts et expertes ainsi que des personnes ayant v\u00e9cu des exp\u00e9riences vari\u00e9es afin d\u2019assurer l&rsquo;inclusion de diff\u00e9rentes perspectives, notamment celles des personnes autochtones et racialis\u00e9es, des personnes ayant un handicap, des personnes LGBTQ2S+ et d&rsquo;autres groupes en qu\u00eate d\u2019\u00e9quit\u00e9. Dans le cadre de ce processus, les consultants et consultantes ont pass\u00e9 en revue les principaux sujets et ont fourni une r\u00e9troaction structur\u00e9e qui a \u00e9t\u00e9 utilis\u00e9e pour \u00e9largir et \u00e9diter tout le contenu disponible sur ce site Web.<\/li>\n<\/ul>\n<\/div>\n\t\t<\/div><\/div><\/div><\/div>","protected":false},"excerpt":{"rendered":"<p>La majeure partie de l\u2019\u00e9ducation postsecondaire au Canada repose sur des cadres coloniaux normatifs qui privil\u00e9gient les colons blancs par rapport aux \u00e9tudiants d&rsquo;autres groupes. [&hellip;]<\/p>\n","protected":false},"author":1,"featured_media":0,"parent":1628,"menu_order":0,"comment_status":"closed","ping_status":"closed","template":"","meta":{"inline_featured_image":false,"footnotes":"","_links_to":"","_links_to_target":""},"folder":[],"class_list":["post-1639","page","type-page","status-publish","hentry"],"acf":[],"yoast_head":"<!-- This site is optimized with the Yoast SEO plugin v18.8 - https:\/\/yoast.com\/wordpress\/plugins\/seo\/ -->\n<title>\u00c9quit\u00e9, diversit\u00e9, inclusion et d\u00e9colonisation (EDI-D) | Uncovering The Hidden Curriculum<\/title>\n<meta name=\"robots\" content=\"index, follow, max-snippet:-1, max-image-preview:large, max-video-preview:-1\" \/>\n<link rel=\"canonical\" href=\"https:\/\/hiddencurriculum.ca\/fr\/inclusion\/equite-diversite-inclusion-et-decolonisation-edi-d\/\" \/>\n<meta property=\"og:locale\" content=\"fr_FR\" \/>\n<meta property=\"og:type\" content=\"article\" \/>\n<meta property=\"og:title\" content=\"\u00c9quit\u00e9, diversit\u00e9, inclusion et d\u00e9colonisation (EDI-D) | Uncovering The Hidden Curriculum\" \/>\n<meta property=\"og:description\" content=\"La majeure partie de l\u2019\u00e9ducation postsecondaire au Canada repose sur des cadres coloniaux normatifs qui privil\u00e9gient les colons blancs par rapport aux \u00e9tudiants d&#039;autres groupes. [&hellip;]\" \/>\n<meta property=\"og:url\" content=\"https:\/\/hiddencurriculum.ca\/fr\/inclusion\/equite-diversite-inclusion-et-decolonisation-edi-d\/\" \/>\n<meta property=\"og:site_name\" content=\"Uncovering The Hidden Curriculum\" \/>\n<meta property=\"article:modified_time\" content=\"2022-04-18T17:52:23+00:00\" \/>\n<meta name=\"twitter:card\" content=\"summary_large_image\" \/>\n<meta name=\"twitter:label1\" content=\"Dur\u00e9e de lecture estim\u00e9e\" \/>\n\t<meta name=\"twitter:data1\" content=\"2 minutes\" \/>\n<script type=\"application\/ld+json\" class=\"yoast-schema-graph\">{\"@context\":\"https:\/\/schema.org\",\"@graph\":[{\"@type\":\"Organization\",\"@id\":\"https:\/\/hiddencurriculum.ca\/#organization\",\"name\":\"Uncovering The Hidden Curriculum\",\"url\":\"https:\/\/hiddencurriculum.ca\/\",\"sameAs\":[],\"logo\":{\"@type\":\"ImageObject\",\"inLanguage\":\"fr-FR\",\"@id\":\"https:\/\/hiddencurriculum.ca\/#\/schema\/logo\/image\/\",\"url\":\"https:\/\/hiddencurriculum.ca\/wp-content\/uploads\/2022\/02\/logo.jpg\",\"contentUrl\":\"https:\/\/hiddencurriculum.ca\/wp-content\/uploads\/2022\/02\/logo.jpg\",\"width\":612,\"height\":123,\"caption\":\"Uncovering The Hidden Curriculum\"},\"image\":{\"@id\":\"https:\/\/hiddencurriculum.ca\/#\/schema\/logo\/image\/\"}},{\"@type\":\"WebSite\",\"@id\":\"https:\/\/hiddencurriculum.ca\/#website\",\"url\":\"https:\/\/hiddencurriculum.ca\/\",\"name\":\"Uncovering The Hidden Curriculum\",\"description\":\"\",\"publisher\":{\"@id\":\"https:\/\/hiddencurriculum.ca\/#organization\"},\"potentialAction\":[{\"@type\":\"SearchAction\",\"target\":{\"@type\":\"EntryPoint\",\"urlTemplate\":\"https:\/\/hiddencurriculum.ca\/?s={search_term_string}\"},\"query-input\":\"required name=search_term_string\"}],\"inLanguage\":\"fr-FR\"},{\"@type\":\"WebPage\",\"@id\":\"https:\/\/hiddencurriculum.ca\/fr\/inclusion\/equite-diversite-inclusion-et-decolonisation-edi-d\/#webpage\",\"url\":\"https:\/\/hiddencurriculum.ca\/fr\/inclusion\/equite-diversite-inclusion-et-decolonisation-edi-d\/\",\"name\":\"\u00c9quit\u00e9, diversit\u00e9, inclusion et d\u00e9colonisation (EDI-D) | Uncovering The Hidden Curriculum\",\"isPartOf\":{\"@id\":\"https:\/\/hiddencurriculum.ca\/#website\"},\"datePublished\":\"2022-02-08T13:23:56+00:00\",\"dateModified\":\"2022-04-18T17:52:23+00:00\",\"breadcrumb\":{\"@id\":\"https:\/\/hiddencurriculum.ca\/fr\/inclusion\/equite-diversite-inclusion-et-decolonisation-edi-d\/#breadcrumb\"},\"inLanguage\":\"fr-FR\",\"potentialAction\":[{\"@type\":\"ReadAction\",\"target\":[\"https:\/\/hiddencurriculum.ca\/fr\/inclusion\/equite-diversite-inclusion-et-decolonisation-edi-d\/\"]}]},{\"@type\":\"BreadcrumbList\",\"@id\":\"https:\/\/hiddencurriculum.ca\/fr\/inclusion\/equite-diversite-inclusion-et-decolonisation-edi-d\/#breadcrumb\",\"itemListElement\":[{\"@type\":\"ListItem\",\"position\":1,\"name\":\"Home\",\"item\":\"https:\/\/hiddencurriculum.ca\/fr\/\"},{\"@type\":\"ListItem\",\"position\":2,\"name\":\"Inclusion dans l&rsquo;enseignement postsecondaire\",\"item\":\"https:\/\/hiddencurriculum.ca\/fr\/inclusion\/\"},{\"@type\":\"ListItem\",\"position\":3,\"name\":\"\u00c9quit\u00e9, diversit\u00e9, inclusion et d\u00e9colonisation (EDI-D)\"}]}]}<\/script>\n<!-- \/ Yoast SEO plugin. -->","yoast_head_json":{"title":"\u00c9quit\u00e9, diversit\u00e9, inclusion et d\u00e9colonisation (EDI-D) | Uncovering The Hidden Curriculum","robots":{"index":"index","follow":"follow","max-snippet":"max-snippet:-1","max-image-preview":"max-image-preview:large","max-video-preview":"max-video-preview:-1"},"canonical":"https:\/\/hiddencurriculum.ca\/fr\/inclusion\/equite-diversite-inclusion-et-decolonisation-edi-d\/","og_locale":"fr_FR","og_type":"article","og_title":"\u00c9quit\u00e9, diversit\u00e9, inclusion et d\u00e9colonisation (EDI-D) | Uncovering The Hidden Curriculum","og_description":"La majeure partie de l\u2019\u00e9ducation postsecondaire au Canada repose sur des cadres coloniaux normatifs qui privil\u00e9gient les colons blancs par rapport aux \u00e9tudiants d'autres groupes. [&hellip;]","og_url":"https:\/\/hiddencurriculum.ca\/fr\/inclusion\/equite-diversite-inclusion-et-decolonisation-edi-d\/","og_site_name":"Uncovering The Hidden Curriculum","article_modified_time":"2022-04-18T17:52:23+00:00","twitter_card":"summary_large_image","twitter_misc":{"Dur\u00e9e de lecture estim\u00e9e":"2 minutes"},"schema":{"@context":"https:\/\/schema.org","@graph":[{"@type":"Organization","@id":"https:\/\/hiddencurriculum.ca\/#organization","name":"Uncovering The Hidden Curriculum","url":"https:\/\/hiddencurriculum.ca\/","sameAs":[],"logo":{"@type":"ImageObject","inLanguage":"fr-FR","@id":"https:\/\/hiddencurriculum.ca\/#\/schema\/logo\/image\/","url":"https:\/\/hiddencurriculum.ca\/wp-content\/uploads\/2022\/02\/logo.jpg","contentUrl":"https:\/\/hiddencurriculum.ca\/wp-content\/uploads\/2022\/02\/logo.jpg","width":612,"height":123,"caption":"Uncovering The Hidden Curriculum"},"image":{"@id":"https:\/\/hiddencurriculum.ca\/#\/schema\/logo\/image\/"}},{"@type":"WebSite","@id":"https:\/\/hiddencurriculum.ca\/#website","url":"https:\/\/hiddencurriculum.ca\/","name":"Uncovering The Hidden Curriculum","description":"","publisher":{"@id":"https:\/\/hiddencurriculum.ca\/#organization"},"potentialAction":[{"@type":"SearchAction","target":{"@type":"EntryPoint","urlTemplate":"https:\/\/hiddencurriculum.ca\/?s={search_term_string}"},"query-input":"required name=search_term_string"}],"inLanguage":"fr-FR"},{"@type":"WebPage","@id":"https:\/\/hiddencurriculum.ca\/fr\/inclusion\/equite-diversite-inclusion-et-decolonisation-edi-d\/#webpage","url":"https:\/\/hiddencurriculum.ca\/fr\/inclusion\/equite-diversite-inclusion-et-decolonisation-edi-d\/","name":"\u00c9quit\u00e9, diversit\u00e9, inclusion et d\u00e9colonisation (EDI-D) | Uncovering The Hidden Curriculum","isPartOf":{"@id":"https:\/\/hiddencurriculum.ca\/#website"},"datePublished":"2022-02-08T13:23:56+00:00","dateModified":"2022-04-18T17:52:23+00:00","breadcrumb":{"@id":"https:\/\/hiddencurriculum.ca\/fr\/inclusion\/equite-diversite-inclusion-et-decolonisation-edi-d\/#breadcrumb"},"inLanguage":"fr-FR","potentialAction":[{"@type":"ReadAction","target":["https:\/\/hiddencurriculum.ca\/fr\/inclusion\/equite-diversite-inclusion-et-decolonisation-edi-d\/"]}]},{"@type":"BreadcrumbList","@id":"https:\/\/hiddencurriculum.ca\/fr\/inclusion\/equite-diversite-inclusion-et-decolonisation-edi-d\/#breadcrumb","itemListElement":[{"@type":"ListItem","position":1,"name":"Home","item":"https:\/\/hiddencurriculum.ca\/fr\/"},{"@type":"ListItem","position":2,"name":"Inclusion dans l&rsquo;enseignement postsecondaire","item":"https:\/\/hiddencurriculum.ca\/fr\/inclusion\/"},{"@type":"ListItem","position":3,"name":"\u00c9quit\u00e9, diversit\u00e9, inclusion et d\u00e9colonisation (EDI-D)"}]}]}},"_links":{"self":[{"href":"https:\/\/hiddencurriculum.ca\/fr\/wp-json\/wp\/v2\/pages\/1639","targetHints":{"allow":["GET"]}}],"collection":[{"href":"https:\/\/hiddencurriculum.ca\/fr\/wp-json\/wp\/v2\/pages"}],"about":[{"href":"https:\/\/hiddencurriculum.ca\/fr\/wp-json\/wp\/v2\/types\/page"}],"author":[{"embeddable":true,"href":"https:\/\/hiddencurriculum.ca\/fr\/wp-json\/wp\/v2\/users\/1"}],"replies":[{"embeddable":true,"href":"https:\/\/hiddencurriculum.ca\/fr\/wp-json\/wp\/v2\/comments?post=1639"}],"version-history":[{"count":0,"href":"https:\/\/hiddencurriculum.ca\/fr\/wp-json\/wp\/v2\/pages\/1639\/revisions"}],"up":[{"embeddable":true,"href":"https:\/\/hiddencurriculum.ca\/fr\/wp-json\/wp\/v2\/pages\/1628"}],"wp:attachment":[{"href":"https:\/\/hiddencurriculum.ca\/fr\/wp-json\/wp\/v2\/media?parent=1639"}],"wp:term":[{"taxonomy":"folder","embeddable":true,"href":"https:\/\/hiddencurriculum.ca\/fr\/wp-json\/wp\/v2\/folder?post=1639"}],"curies":[{"name":"wp","href":"https:\/\/api.w.org\/{rel}","templated":true}]}}