{"id":1632,"date":"2022-02-08T13:35:22","date_gmt":"2022-02-08T13:35:22","guid":{"rendered":"https:\/\/hiddencurriculum.ca\/inclusion\/accessibility\/"},"modified":"2022-05-09T16:34:42","modified_gmt":"2022-05-09T16:34:42","slug":"accessibilite","status":"publish","type":"page","link":"https:\/\/hiddencurriculum.ca\/fr\/inclusion\/accessibilite\/","title":{"rendered":"Accessibilit\u00e9"},"content":{"rendered":"<div id=\"pl-1632\"  class=\"panel-layout\" ><div id=\"pg-1632-0\"  class=\"panel-grid panel-no-style\" ><div id=\"pgc-1632-0-0\"  class=\"panel-grid-cell\" ><div id=\"panel-1632-0-0-0\" class=\"so-panel widget widget_nav_menu panel-first-child panel-last-child\" data-index=\"0\" ><nav class=\"menu-inclusion-fr-container\" aria-label=\"Menu\"><ul id=\"menu-inclusion-fr\" class=\"menu\"><li id=\"menu-item-1650\" class=\"menu-title menu-item menu-item-type-custom menu-item-object-custom menu-item-1650\"><a href=\"#\">LIENS RAPIDES<\/a><\/li>\n<li id=\"menu-item-1651\" class=\"menu-item menu-item-type-post_type menu-item-object-page menu-item-has-children menu-item-1651\"><a href=\"https:\/\/hiddencurriculum.ca\/fr\/inclusion\/\">L\u2019\u00c9DUCATION INCLUSIVE<\/a>\n<ul class=\"sub-menu\">\n\t<li id=\"menu-item-1652\" class=\"menu-item menu-item-type-post_type menu-item-object-page menu-item-1652\"><a href=\"https:\/\/hiddencurriculum.ca\/fr\/inclusion\/accessibilite\/\">Accessibilit\u00e9<\/a><\/li>\n\t<li id=\"menu-item-1653\" class=\"menu-item menu-item-type-post_type menu-item-object-page menu-item-1653\"><a href=\"https:\/\/hiddencurriculum.ca\/fr\/inclusion\/equite-diversite-inclusion-et-decolonisation-edi-d\/\">EDI-D<\/a><\/li>\n\t<li id=\"menu-item-1654\" class=\"menu-item menu-item-type-post_type menu-item-object-page menu-item-1654\"><a href=\"https:\/\/hiddencurriculum.ca\/fr\/inclusion\/ressources-bilingues\/\">Ressources Bilingues<\/a><\/li>\n<\/ul>\n<\/li>\n<\/ul><\/nav><\/div><\/div><div id=\"pgc-1632-0-1\"  class=\"panel-grid-cell\" ><div id=\"panel-1632-0-1-0\" class=\"so-panel widget widget_text panel-first-child\" data-index=\"1\" ><h3 class=\"widget-title\">Conformit\u00e9 \u00e0 la Loi sur l&rsquo;accessibilit\u00e9 pour les personnes handicap\u00e9es de l&rsquo;Ontario (LAPHO)<\/h3>\t\t\t<div class=\"textwidget\"><p style=\"margin-top: 0in; background: white;\"><span lang=\"EN-CA\" style=\"font-size: 13.5pt; font-family: 'Roboto Condensed'; color: #222222;\">Les r\u00e9sultats de notre analyse du milieu ont r\u00e9v\u00e9l\u00e9 que les ressources en ligne (imprim\u00e9es et vid\u00e9o) des \u00e9tablissements postsecondaires de l&rsquo;Ontario ne sont pas toutes conformes aux lignes directrices relatives \u00e0 la LAPHO. Par exemple, certaines ressources imprim\u00e9es n&rsquo;avaient pas de descriptions en texte alternatif appropri\u00e9es pour les images qui \u00e9taient essentielles pour communiquer le contenu de la ressource. De plus, m\u00eame si presque toutes les ressources vid\u00e9o contenaient des sous-titrages cod\u00e9s, bon nombre d&rsquo;entre elles n&rsquo;\u00e9taient pas correctement transcrites et reposaient plut\u00f4t sur des sous-titres g\u00e9n\u00e9r\u00e9s automatiquement, qui contiennent g\u00e9n\u00e9ralement de nombreuses erreurs et ne sont disponibles qu&rsquo;en anglais, et non en fran\u00e7ais. <\/span><\/p>\n<\/div>\n\t\t<\/div><div id=\"panel-1632-0-1-1\" class=\"so-panel widget widget_text\" data-index=\"2\" ><h3 class=\"widget-title\">Ressources accessibles<\/h3>\t\t\t<div class=\"textwidget\"><p>Pour aborder ces questions, nous avons tenu compte de plusieurs consid\u00e9rations cl\u00e9s tout au long du processus d\u2019\u00e9laboration de nos ressources afin de nous assurer qu&rsquo;elles sont conformes \u00e0 la Loi sur l&rsquo;accessibilit\u00e9 pour les personnes handicap\u00e9es de l&rsquo;Ontario (LAPHO). Nous avons choisi de pr\u00e9senter l&rsquo;ensemble du contenu principal sous forme de texte, et toutes les images utilis\u00e9es \u00e9taient non essentielles (ou d\u00e9coratives) au contenu principal; au besoin, du texte alternatif a \u00e9t\u00e9 inclus. De plus, nous avons exclu les ressources vid\u00e9o en raison des probl\u00e8mes de sous-titrage cod\u00e9 automatique. Toutes les vid\u00e9os contenant des id\u00e9es essentielles aux comp\u00e9tences pr\u00e9sent\u00e9es sur ce site Web ont \u00e9t\u00e9 r\u00e9sum\u00e9es par nos cr\u00e9ateurs et nos cr\u00e9atrices de contenu et ajout\u00e9es au texte principal.<\/p>\n<\/div>\n\t\t<\/div><div id=\"panel-1632-0-1-2\" class=\"so-panel widget widget_media_image panel-last-child\" data-index=\"3\" ><img loading=\"lazy\" decoding=\"async\" width=\"1024\" height=\"927\" src=\"https:\/\/hiddencurriculum.ca\/wp-content\/uploads\/2022\/03\/Screen-Shot-2022-03-29-at-1.59.13-PM-1024x927.png\" class=\"image wp-image-1351  attachment-large size-large\" alt=\"Screen Shot 2022 03 29 at 1.59.13 PM\" style=\"max-width: 100%; height: auto;\" srcset=\"https:\/\/hiddencurriculum.ca\/wp-content\/uploads\/2022\/03\/Screen-Shot-2022-03-29-at-1.59.13-PM-1024x927.png 1024w, https:\/\/hiddencurriculum.ca\/wp-content\/uploads\/2022\/03\/Screen-Shot-2022-03-29-at-1.59.13-PM-300x272.png 300w, https:\/\/hiddencurriculum.ca\/wp-content\/uploads\/2022\/03\/Screen-Shot-2022-03-29-at-1.59.13-PM-768x695.png 768w, https:\/\/hiddencurriculum.ca\/wp-content\/uploads\/2022\/03\/Screen-Shot-2022-03-29-at-1.59.13-PM-1536x1391.png 1536w, https:\/\/hiddencurriculum.ca\/wp-content\/uploads\/2022\/03\/Screen-Shot-2022-03-29-at-1.59.13-PM.png 1820w\" sizes=\"auto, 100vw\" \/><\/div><\/div><\/div><\/div>","protected":false},"excerpt":{"rendered":"<p>Les r\u00e9sultats de notre analyse du milieu ont r\u00e9v\u00e9l\u00e9 que les ressources en ligne (imprim\u00e9es et vid\u00e9o) des \u00e9tablissements postsecondaires de l&rsquo;Ontario ne sont pas [&hellip;]<\/p>\n","protected":false},"author":1,"featured_media":0,"parent":1628,"menu_order":0,"comment_status":"closed","ping_status":"closed","template":"","meta":{"inline_featured_image":false,"footnotes":"","_links_to":"","_links_to_target":""},"folder":[],"class_list":["post-1632","page","type-page","status-publish","hentry"],"acf":[],"yoast_head":"<!-- This site is optimized with the Yoast SEO plugin v18.8 - https:\/\/yoast.com\/wordpress\/plugins\/seo\/ -->\n<title>Accessibilit\u00e9 | Uncovering The Hidden Curriculum<\/title>\n<meta name=\"robots\" content=\"index, follow, max-snippet:-1, max-image-preview:large, max-video-preview:-1\" \/>\n<link rel=\"canonical\" href=\"https:\/\/hiddencurriculum.ca\/fr\/inclusion\/accessibilite\/\" \/>\n<meta property=\"og:locale\" content=\"fr_FR\" \/>\n<meta property=\"og:type\" content=\"article\" \/>\n<meta property=\"og:title\" content=\"Accessibilit\u00e9 | Uncovering The Hidden Curriculum\" \/>\n<meta property=\"og:description\" content=\"Les r\u00e9sultats de notre analyse du milieu ont r\u00e9v\u00e9l\u00e9 que les ressources en ligne (imprim\u00e9es et vid\u00e9o) des \u00e9tablissements postsecondaires de l&#039;Ontario ne sont pas [&hellip;]\" \/>\n<meta property=\"og:url\" content=\"https:\/\/hiddencurriculum.ca\/fr\/inclusion\/accessibilite\/\" \/>\n<meta property=\"og:site_name\" content=\"Uncovering The Hidden Curriculum\" \/>\n<meta property=\"article:modified_time\" content=\"2022-05-09T16:34:42+00:00\" \/>\n<meta name=\"twitter:card\" content=\"summary_large_image\" \/>\n<meta name=\"twitter:label1\" content=\"Dur\u00e9e de lecture estim\u00e9e\" \/>\n\t<meta name=\"twitter:data1\" content=\"2 minutes\" \/>\n<script type=\"application\/ld+json\" class=\"yoast-schema-graph\">{\"@context\":\"https:\/\/schema.org\",\"@graph\":[{\"@type\":\"Organization\",\"@id\":\"https:\/\/hiddencurriculum.ca\/#organization\",\"name\":\"Uncovering The Hidden Curriculum\",\"url\":\"https:\/\/hiddencurriculum.ca\/\",\"sameAs\":[],\"logo\":{\"@type\":\"ImageObject\",\"inLanguage\":\"fr-FR\",\"@id\":\"https:\/\/hiddencurriculum.ca\/#\/schema\/logo\/image\/\",\"url\":\"https:\/\/hiddencurriculum.ca\/wp-content\/uploads\/2022\/02\/logo.jpg\",\"contentUrl\":\"https:\/\/hiddencurriculum.ca\/wp-content\/uploads\/2022\/02\/logo.jpg\",\"width\":612,\"height\":123,\"caption\":\"Uncovering The Hidden Curriculum\"},\"image\":{\"@id\":\"https:\/\/hiddencurriculum.ca\/#\/schema\/logo\/image\/\"}},{\"@type\":\"WebSite\",\"@id\":\"https:\/\/hiddencurriculum.ca\/#website\",\"url\":\"https:\/\/hiddencurriculum.ca\/\",\"name\":\"Uncovering The Hidden Curriculum\",\"description\":\"\",\"publisher\":{\"@id\":\"https:\/\/hiddencurriculum.ca\/#organization\"},\"potentialAction\":[{\"@type\":\"SearchAction\",\"target\":{\"@type\":\"EntryPoint\",\"urlTemplate\":\"https:\/\/hiddencurriculum.ca\/?s={search_term_string}\"},\"query-input\":\"required name=search_term_string\"}],\"inLanguage\":\"fr-FR\"},{\"@type\":\"WebPage\",\"@id\":\"https:\/\/hiddencurriculum.ca\/fr\/inclusion\/accessibilite\/#webpage\",\"url\":\"https:\/\/hiddencurriculum.ca\/fr\/inclusion\/accessibilite\/\",\"name\":\"Accessibilit\u00e9 | Uncovering The Hidden Curriculum\",\"isPartOf\":{\"@id\":\"https:\/\/hiddencurriculum.ca\/#website\"},\"datePublished\":\"2022-02-08T13:35:22+00:00\",\"dateModified\":\"2022-05-09T16:34:42+00:00\",\"breadcrumb\":{\"@id\":\"https:\/\/hiddencurriculum.ca\/fr\/inclusion\/accessibilite\/#breadcrumb\"},\"inLanguage\":\"fr-FR\",\"potentialAction\":[{\"@type\":\"ReadAction\",\"target\":[\"https:\/\/hiddencurriculum.ca\/fr\/inclusion\/accessibilite\/\"]}]},{\"@type\":\"BreadcrumbList\",\"@id\":\"https:\/\/hiddencurriculum.ca\/fr\/inclusion\/accessibilite\/#breadcrumb\",\"itemListElement\":[{\"@type\":\"ListItem\",\"position\":1,\"name\":\"Home\",\"item\":\"https:\/\/hiddencurriculum.ca\/fr\/\"},{\"@type\":\"ListItem\",\"position\":2,\"name\":\"Inclusion dans l&rsquo;enseignement postsecondaire\",\"item\":\"https:\/\/hiddencurriculum.ca\/fr\/inclusion\/\"},{\"@type\":\"ListItem\",\"position\":3,\"name\":\"Accessibilit\u00e9\"}]}]}<\/script>\n<!-- \/ Yoast SEO plugin. -->","yoast_head_json":{"title":"Accessibilit\u00e9 | Uncovering The Hidden Curriculum","robots":{"index":"index","follow":"follow","max-snippet":"max-snippet:-1","max-image-preview":"max-image-preview:large","max-video-preview":"max-video-preview:-1"},"canonical":"https:\/\/hiddencurriculum.ca\/fr\/inclusion\/accessibilite\/","og_locale":"fr_FR","og_type":"article","og_title":"Accessibilit\u00e9 | Uncovering The Hidden Curriculum","og_description":"Les r\u00e9sultats de notre analyse du milieu ont r\u00e9v\u00e9l\u00e9 que les ressources en ligne (imprim\u00e9es et vid\u00e9o) des \u00e9tablissements postsecondaires de l'Ontario ne sont pas [&hellip;]","og_url":"https:\/\/hiddencurriculum.ca\/fr\/inclusion\/accessibilite\/","og_site_name":"Uncovering The Hidden Curriculum","article_modified_time":"2022-05-09T16:34:42+00:00","twitter_card":"summary_large_image","twitter_misc":{"Dur\u00e9e de lecture estim\u00e9e":"2 minutes"},"schema":{"@context":"https:\/\/schema.org","@graph":[{"@type":"Organization","@id":"https:\/\/hiddencurriculum.ca\/#organization","name":"Uncovering The Hidden Curriculum","url":"https:\/\/hiddencurriculum.ca\/","sameAs":[],"logo":{"@type":"ImageObject","inLanguage":"fr-FR","@id":"https:\/\/hiddencurriculum.ca\/#\/schema\/logo\/image\/","url":"https:\/\/hiddencurriculum.ca\/wp-content\/uploads\/2022\/02\/logo.jpg","contentUrl":"https:\/\/hiddencurriculum.ca\/wp-content\/uploads\/2022\/02\/logo.jpg","width":612,"height":123,"caption":"Uncovering The Hidden Curriculum"},"image":{"@id":"https:\/\/hiddencurriculum.ca\/#\/schema\/logo\/image\/"}},{"@type":"WebSite","@id":"https:\/\/hiddencurriculum.ca\/#website","url":"https:\/\/hiddencurriculum.ca\/","name":"Uncovering The Hidden Curriculum","description":"","publisher":{"@id":"https:\/\/hiddencurriculum.ca\/#organization"},"potentialAction":[{"@type":"SearchAction","target":{"@type":"EntryPoint","urlTemplate":"https:\/\/hiddencurriculum.ca\/?s={search_term_string}"},"query-input":"required name=search_term_string"}],"inLanguage":"fr-FR"},{"@type":"WebPage","@id":"https:\/\/hiddencurriculum.ca\/fr\/inclusion\/accessibilite\/#webpage","url":"https:\/\/hiddencurriculum.ca\/fr\/inclusion\/accessibilite\/","name":"Accessibilit\u00e9 | Uncovering The Hidden Curriculum","isPartOf":{"@id":"https:\/\/hiddencurriculum.ca\/#website"},"datePublished":"2022-02-08T13:35:22+00:00","dateModified":"2022-05-09T16:34:42+00:00","breadcrumb":{"@id":"https:\/\/hiddencurriculum.ca\/fr\/inclusion\/accessibilite\/#breadcrumb"},"inLanguage":"fr-FR","potentialAction":[{"@type":"ReadAction","target":["https:\/\/hiddencurriculum.ca\/fr\/inclusion\/accessibilite\/"]}]},{"@type":"BreadcrumbList","@id":"https:\/\/hiddencurriculum.ca\/fr\/inclusion\/accessibilite\/#breadcrumb","itemListElement":[{"@type":"ListItem","position":1,"name":"Home","item":"https:\/\/hiddencurriculum.ca\/fr\/"},{"@type":"ListItem","position":2,"name":"Inclusion dans l&rsquo;enseignement postsecondaire","item":"https:\/\/hiddencurriculum.ca\/fr\/inclusion\/"},{"@type":"ListItem","position":3,"name":"Accessibilit\u00e9"}]}]}},"_links":{"self":[{"href":"https:\/\/hiddencurriculum.ca\/fr\/wp-json\/wp\/v2\/pages\/1632","targetHints":{"allow":["GET"]}}],"collection":[{"href":"https:\/\/hiddencurriculum.ca\/fr\/wp-json\/wp\/v2\/pages"}],"about":[{"href":"https:\/\/hiddencurriculum.ca\/fr\/wp-json\/wp\/v2\/types\/page"}],"author":[{"embeddable":true,"href":"https:\/\/hiddencurriculum.ca\/fr\/wp-json\/wp\/v2\/users\/1"}],"replies":[{"embeddable":true,"href":"https:\/\/hiddencurriculum.ca\/fr\/wp-json\/wp\/v2\/comments?post=1632"}],"version-history":[{"count":4,"href":"https:\/\/hiddencurriculum.ca\/fr\/wp-json\/wp\/v2\/pages\/1632\/revisions"}],"predecessor-version":[{"id":2534,"href":"https:\/\/hiddencurriculum.ca\/fr\/wp-json\/wp\/v2\/pages\/1632\/revisions\/2534"}],"up":[{"embeddable":true,"href":"https:\/\/hiddencurriculum.ca\/fr\/wp-json\/wp\/v2\/pages\/1628"}],"wp:attachment":[{"href":"https:\/\/hiddencurriculum.ca\/fr\/wp-json\/wp\/v2\/media?parent=1632"}],"wp:term":[{"taxonomy":"folder","embeddable":true,"href":"https:\/\/hiddencurriculum.ca\/fr\/wp-json\/wp\/v2\/folder?post=1632"}],"curies":[{"name":"wp","href":"https:\/\/api.w.org\/{rel}","templated":true}]}}