{"id":1628,"date":"2022-02-02T12:48:52","date_gmt":"2022-02-02T12:48:52","guid":{"rendered":"https:\/\/hiddencurriculum.ca\/inclusion\/"},"modified":"2022-05-09T16:33:57","modified_gmt":"2022-05-09T16:33:57","slug":"inclusion","status":"publish","type":"page","link":"https:\/\/hiddencurriculum.ca\/fr\/inclusion\/","title":{"rendered":"Inclusion dans l&rsquo;enseignement postsecondaire"},"content":{"rendered":"<div id=\"pl-1628\"  class=\"panel-layout\" ><div id=\"pg-1628-0\"  class=\"panel-grid panel-has-style\" ><div class=\"siteorigin-panels-stretch panel-row-style panel-row-style-for-1628-0\" data-stretch-type=\"full\" ><div id=\"pgc-1628-0-0\"  class=\"panel-grid-cell\" ><div id=\"panel-1628-0-0-0\" class=\"so-panel widget widget_nav_menu panel-first-child panel-last-child\" data-index=\"0\" ><div class=\"sidebar-menu panel-widget-style panel-widget-style-for-1628-0-0-0\" ><nav class=\"menu-inclusion-fr-container\" aria-label=\"Menu\"><ul id=\"menu-inclusion-fr\" class=\"menu\"><li id=\"menu-item-1650\" class=\"menu-title menu-item menu-item-type-custom menu-item-object-custom menu-item-1650\"><a href=\"#\">LIENS RAPIDES<\/a><\/li>\n<li id=\"menu-item-1651\" class=\"menu-item menu-item-type-post_type menu-item-object-page menu-item-has-children menu-item-1651\"><a href=\"https:\/\/hiddencurriculum.ca\/fr\/inclusion\/\">L\u2019\u00c9DUCATION INCLUSIVE<\/a>\n<ul class=\"sub-menu\">\n\t<li id=\"menu-item-1652\" class=\"menu-item menu-item-type-post_type menu-item-object-page menu-item-1652\"><a href=\"https:\/\/hiddencurriculum.ca\/fr\/inclusion\/accessibilite\/\">Accessibilit\u00e9<\/a><\/li>\n\t<li id=\"menu-item-1653\" class=\"menu-item menu-item-type-post_type menu-item-object-page menu-item-1653\"><a href=\"https:\/\/hiddencurriculum.ca\/fr\/inclusion\/equite-diversite-inclusion-et-decolonisation-edi-d\/\">EDI-D<\/a><\/li>\n\t<li id=\"menu-item-1654\" class=\"menu-item menu-item-type-post_type menu-item-object-page menu-item-1654\"><a href=\"https:\/\/hiddencurriculum.ca\/fr\/inclusion\/ressources-bilingues\/\">Ressources Bilingues<\/a><\/li>\n<\/ul>\n<\/li>\n<\/ul><\/nav><\/div><\/div><\/div><div id=\"pgc-1628-0-1\"  class=\"panel-grid-cell\" ><div id=\"panel-1628-0-1-0\" class=\"so-panel widget widget_media_image panel-first-child\" data-index=\"1\" ><img loading=\"lazy\" decoding=\"async\" width=\"2560\" height=\"597\" src=\"https:\/\/hiddencurriculum.ca\/wp-content\/uploads\/2022\/02\/dreamstime_m_186970555-scaled.jpg\" class=\"image wp-image-796  attachment-full size-full\" alt=\"dreamstime m 186970555 scaled\" style=\"max-width: 100%; height: auto;\" srcset=\"https:\/\/hiddencurriculum.ca\/wp-content\/uploads\/2022\/02\/dreamstime_m_186970555-scaled.jpg 2560w, https:\/\/hiddencurriculum.ca\/wp-content\/uploads\/2022\/02\/dreamstime_m_186970555-300x70.jpg 300w, https:\/\/hiddencurriculum.ca\/wp-content\/uploads\/2022\/02\/dreamstime_m_186970555-1024x239.jpg 1024w, https:\/\/hiddencurriculum.ca\/wp-content\/uploads\/2022\/02\/dreamstime_m_186970555-768x179.jpg 768w, https:\/\/hiddencurriculum.ca\/wp-content\/uploads\/2022\/02\/dreamstime_m_186970555-1536x358.jpg 1536w, https:\/\/hiddencurriculum.ca\/wp-content\/uploads\/2022\/02\/dreamstime_m_186970555-2048x478.jpg 2048w\" sizes=\"auto, 100vw\" \/><\/div><div id=\"panel-1628-0-1-1\" class=\"so-panel widget widget_text\" data-index=\"2\" >\t\t\t<div class=\"textwidget\"><ul>\n<li><strong>L&rsquo;objectif ultime de l&rsquo;initiative <em>D\u00e9couvrir le curriculum cach\u00e9<\/em> est de promouvoir une \u00e9ducation inclusive<\/strong> o\u00f9 tous les \u00e9tudiants et \u00e9tudiantes peuvent s&rsquo;\u00e9panouir dans leur environnement universitaire et \u00eatre pr\u00eats \u00e0 r\u00e9ussir au-del\u00e0 de l\u2019\u00e9tablissement postsecondaire. Pour atteindre cet objectif, nous devons d&rsquo;abord comprendre les obstacles qui existent pour bon nombre de nos \u00e9tudiants et \u00e9tudiantes. Il ne faut pas s\u2019\u00e9tonner qu&rsquo;il y ait des variations dans les r\u00e9sultats post\u00e9ducation entre diff\u00e9rents groupes d&rsquo;\u00e9tudiants ou \u00e9tudiantes qui partagent apparemment des exp\u00e9riences postsecondaires similaires; le curriculum cach\u00e9 a \u00e9t\u00e9 cit\u00e9 comme une raison sous-jacente de ces diff\u00e9rences. Certains groupes ont un acc\u00e8s r\u00e9duit aux ressources li\u00e9es au curriculum cach\u00e9 avant et pendant leurs \u00e9tudes, ce qui influence leurs exp\u00e9riences et leurs r\u00e9sultats d&rsquo;apprentissage.\n<ul style=\"padding-top: 20px;\">\n<li>Les anglophones non natifs peuvent ne pas \u00eatre en mesure de localiser ou de comprendre diff\u00e9rents aspects du programme cach\u00e9, ou s&rsquo;ils le font, ils peuvent ne pas \u00eatre en mesure de comprendre son importance en raison d&rsquo;une barri\u00e8re linguistique.<\/li>\n<li>Les personnes qui ont fr\u00e9quent\u00e9 des \u00e9coles \u00e0 faible statut socio-\u00e9conomique n&rsquo;ont peut-\u00eatre pas \u00e9t\u00e9 initi\u00e9es \u00e0 ces concepts, et m\u00eame si elles les apprennent plus tard dans la vie, elles peuvent \u00eatre trop loin derri\u00e8re pour rivaliser avec leurs pairs pour des opportunit\u00e9s d&rsquo;\u00e9ducation ou d&#8217;emploi.<\/li>\n<li>Les groupes marginalis\u00e9s ou sous-repr\u00e9sent\u00e9s peuvent avoir \u00e9t\u00e9 pr\u00e9c\u00e9demment d\u00e9sengag\u00e9s des aspects d&rsquo;apprentissage du programme cach\u00e9 parce que les ressources disponibles ne tenaient pas compte des diverses perspectives et sources de connaissances.<\/li>\n<li>Les \u00e9tudiants handicap\u00e9s peuvent trouver particuli\u00e8rement difficile de naviguer dans les environnements d&rsquo;apprentissage postsecondaire sans un soutien explicite en ce qui concerne le programme d&rsquo;\u00e9tudes cach\u00e9.<\/li>\n<\/ul>\n<\/li>\n<\/ul>\n<\/div>\n\t\t<\/div><div id=\"panel-1628-0-1-2\" class=\"so-panel widget widget_text panel-last-child\" data-index=\"3\" >\t\t\t<div class=\"textwidget\"><ul>\n<li>Par cons\u00e9quent, les membres \u00e0 tous les niveaux des \u00e9tablissements postsecondaires, y compris l&rsquo;administration, les services de soutien, les professeurs et les \u00e9tudiants eux-m\u00eames ont la possibilit\u00e9 et la responsabilit\u00e9 de d\u00e9couvrir le programme cach\u00e9 pour rendre l&rsquo;apprentissage enti\u00e8rement accessible et inclusif.<\/li>\n<\/ul>\n<\/div>\n\t\t<\/div><\/div><\/div><\/div><\/div>","protected":false},"excerpt":{"rendered":"<p>L&rsquo;objectif ultime de l&rsquo;initiative D\u00e9couvrir le curriculum cach\u00e9 est de promouvoir une \u00e9ducation inclusive o\u00f9 tous les \u00e9tudiants et \u00e9tudiantes peuvent s&rsquo;\u00e9panouir dans leur environnement [&hellip;]<\/p>\n","protected":false},"author":1,"featured_media":0,"parent":0,"menu_order":0,"comment_status":"closed","ping_status":"closed","template":"","meta":{"inline_featured_image":false,"footnotes":"","_links_to":"","_links_to_target":""},"folder":[],"class_list":["post-1628","page","type-page","status-publish","hentry"],"acf":[],"yoast_head":"<!-- This site is optimized with the Yoast SEO plugin v18.8 - https:\/\/yoast.com\/wordpress\/plugins\/seo\/ -->\n<title>Inclusion dans l&#039;enseignement postsecondaire | Uncovering The Hidden Curriculum<\/title>\n<meta name=\"robots\" content=\"index, follow, max-snippet:-1, max-image-preview:large, max-video-preview:-1\" \/>\n<link rel=\"canonical\" href=\"https:\/\/hiddencurriculum.ca\/fr\/inclusion\/\" \/>\n<meta property=\"og:locale\" content=\"fr_FR\" \/>\n<meta property=\"og:type\" content=\"article\" \/>\n<meta property=\"og:title\" content=\"Inclusion dans l&#039;enseignement postsecondaire | Uncovering The Hidden Curriculum\" \/>\n<meta property=\"og:description\" content=\"L&#039;objectif ultime de l&#039;initiative D\u00e9couvrir le curriculum cach\u00e9 est de promouvoir une \u00e9ducation inclusive o\u00f9 tous les \u00e9tudiants et \u00e9tudiantes peuvent s&#039;\u00e9panouir dans leur environnement [&hellip;]\" \/>\n<meta property=\"og:url\" content=\"https:\/\/hiddencurriculum.ca\/fr\/inclusion\/\" \/>\n<meta property=\"og:site_name\" content=\"Uncovering The Hidden Curriculum\" \/>\n<meta property=\"article:modified_time\" content=\"2022-05-09T16:33:57+00:00\" \/>\n<meta name=\"twitter:card\" content=\"summary_large_image\" \/>\n<meta name=\"twitter:label1\" content=\"Dur\u00e9e de lecture estim\u00e9e\" \/>\n\t<meta name=\"twitter:data1\" content=\"2 minutes\" \/>\n<script type=\"application\/ld+json\" class=\"yoast-schema-graph\">{\"@context\":\"https:\/\/schema.org\",\"@graph\":[{\"@type\":\"Organization\",\"@id\":\"https:\/\/hiddencurriculum.ca\/#organization\",\"name\":\"Uncovering The Hidden Curriculum\",\"url\":\"https:\/\/hiddencurriculum.ca\/\",\"sameAs\":[],\"logo\":{\"@type\":\"ImageObject\",\"inLanguage\":\"fr-FR\",\"@id\":\"https:\/\/hiddencurriculum.ca\/#\/schema\/logo\/image\/\",\"url\":\"https:\/\/hiddencurriculum.ca\/wp-content\/uploads\/2022\/02\/logo.jpg\",\"contentUrl\":\"https:\/\/hiddencurriculum.ca\/wp-content\/uploads\/2022\/02\/logo.jpg\",\"width\":612,\"height\":123,\"caption\":\"Uncovering The Hidden Curriculum\"},\"image\":{\"@id\":\"https:\/\/hiddencurriculum.ca\/#\/schema\/logo\/image\/\"}},{\"@type\":\"WebSite\",\"@id\":\"https:\/\/hiddencurriculum.ca\/#website\",\"url\":\"https:\/\/hiddencurriculum.ca\/\",\"name\":\"Uncovering The Hidden Curriculum\",\"description\":\"\",\"publisher\":{\"@id\":\"https:\/\/hiddencurriculum.ca\/#organization\"},\"potentialAction\":[{\"@type\":\"SearchAction\",\"target\":{\"@type\":\"EntryPoint\",\"urlTemplate\":\"https:\/\/hiddencurriculum.ca\/?s={search_term_string}\"},\"query-input\":\"required name=search_term_string\"}],\"inLanguage\":\"fr-FR\"},{\"@type\":\"WebPage\",\"@id\":\"https:\/\/hiddencurriculum.ca\/fr\/inclusion\/#webpage\",\"url\":\"https:\/\/hiddencurriculum.ca\/fr\/inclusion\/\",\"name\":\"Inclusion dans l'enseignement postsecondaire | Uncovering The Hidden Curriculum\",\"isPartOf\":{\"@id\":\"https:\/\/hiddencurriculum.ca\/#website\"},\"datePublished\":\"2022-02-02T12:48:52+00:00\",\"dateModified\":\"2022-05-09T16:33:57+00:00\",\"breadcrumb\":{\"@id\":\"https:\/\/hiddencurriculum.ca\/fr\/inclusion\/#breadcrumb\"},\"inLanguage\":\"fr-FR\",\"potentialAction\":[{\"@type\":\"ReadAction\",\"target\":[\"https:\/\/hiddencurriculum.ca\/fr\/inclusion\/\"]}]},{\"@type\":\"BreadcrumbList\",\"@id\":\"https:\/\/hiddencurriculum.ca\/fr\/inclusion\/#breadcrumb\",\"itemListElement\":[{\"@type\":\"ListItem\",\"position\":1,\"name\":\"Home\",\"item\":\"https:\/\/hiddencurriculum.ca\/fr\/\"},{\"@type\":\"ListItem\",\"position\":2,\"name\":\"Inclusion dans l&rsquo;enseignement postsecondaire\"}]}]}<\/script>\n<!-- \/ Yoast SEO plugin. -->","yoast_head_json":{"title":"Inclusion dans l'enseignement postsecondaire | Uncovering The Hidden Curriculum","robots":{"index":"index","follow":"follow","max-snippet":"max-snippet:-1","max-image-preview":"max-image-preview:large","max-video-preview":"max-video-preview:-1"},"canonical":"https:\/\/hiddencurriculum.ca\/fr\/inclusion\/","og_locale":"fr_FR","og_type":"article","og_title":"Inclusion dans l'enseignement postsecondaire | Uncovering The Hidden Curriculum","og_description":"L'objectif ultime de l'initiative D\u00e9couvrir le curriculum cach\u00e9 est de promouvoir une \u00e9ducation inclusive o\u00f9 tous les \u00e9tudiants et \u00e9tudiantes peuvent s'\u00e9panouir dans leur environnement [&hellip;]","og_url":"https:\/\/hiddencurriculum.ca\/fr\/inclusion\/","og_site_name":"Uncovering The Hidden Curriculum","article_modified_time":"2022-05-09T16:33:57+00:00","twitter_card":"summary_large_image","twitter_misc":{"Dur\u00e9e de lecture estim\u00e9e":"2 minutes"},"schema":{"@context":"https:\/\/schema.org","@graph":[{"@type":"Organization","@id":"https:\/\/hiddencurriculum.ca\/#organization","name":"Uncovering The Hidden Curriculum","url":"https:\/\/hiddencurriculum.ca\/","sameAs":[],"logo":{"@type":"ImageObject","inLanguage":"fr-FR","@id":"https:\/\/hiddencurriculum.ca\/#\/schema\/logo\/image\/","url":"https:\/\/hiddencurriculum.ca\/wp-content\/uploads\/2022\/02\/logo.jpg","contentUrl":"https:\/\/hiddencurriculum.ca\/wp-content\/uploads\/2022\/02\/logo.jpg","width":612,"height":123,"caption":"Uncovering The Hidden Curriculum"},"image":{"@id":"https:\/\/hiddencurriculum.ca\/#\/schema\/logo\/image\/"}},{"@type":"WebSite","@id":"https:\/\/hiddencurriculum.ca\/#website","url":"https:\/\/hiddencurriculum.ca\/","name":"Uncovering The Hidden Curriculum","description":"","publisher":{"@id":"https:\/\/hiddencurriculum.ca\/#organization"},"potentialAction":[{"@type":"SearchAction","target":{"@type":"EntryPoint","urlTemplate":"https:\/\/hiddencurriculum.ca\/?s={search_term_string}"},"query-input":"required name=search_term_string"}],"inLanguage":"fr-FR"},{"@type":"WebPage","@id":"https:\/\/hiddencurriculum.ca\/fr\/inclusion\/#webpage","url":"https:\/\/hiddencurriculum.ca\/fr\/inclusion\/","name":"Inclusion dans l'enseignement postsecondaire | Uncovering The Hidden Curriculum","isPartOf":{"@id":"https:\/\/hiddencurriculum.ca\/#website"},"datePublished":"2022-02-02T12:48:52+00:00","dateModified":"2022-05-09T16:33:57+00:00","breadcrumb":{"@id":"https:\/\/hiddencurriculum.ca\/fr\/inclusion\/#breadcrumb"},"inLanguage":"fr-FR","potentialAction":[{"@type":"ReadAction","target":["https:\/\/hiddencurriculum.ca\/fr\/inclusion\/"]}]},{"@type":"BreadcrumbList","@id":"https:\/\/hiddencurriculum.ca\/fr\/inclusion\/#breadcrumb","itemListElement":[{"@type":"ListItem","position":1,"name":"Home","item":"https:\/\/hiddencurriculum.ca\/fr\/"},{"@type":"ListItem","position":2,"name":"Inclusion dans l&rsquo;enseignement postsecondaire"}]}]}},"_links":{"self":[{"href":"https:\/\/hiddencurriculum.ca\/fr\/wp-json\/wp\/v2\/pages\/1628","targetHints":{"allow":["GET"]}}],"collection":[{"href":"https:\/\/hiddencurriculum.ca\/fr\/wp-json\/wp\/v2\/pages"}],"about":[{"href":"https:\/\/hiddencurriculum.ca\/fr\/wp-json\/wp\/v2\/types\/page"}],"author":[{"embeddable":true,"href":"https:\/\/hiddencurriculum.ca\/fr\/wp-json\/wp\/v2\/users\/1"}],"replies":[{"embeddable":true,"href":"https:\/\/hiddencurriculum.ca\/fr\/wp-json\/wp\/v2\/comments?post=1628"}],"version-history":[{"count":4,"href":"https:\/\/hiddencurriculum.ca\/fr\/wp-json\/wp\/v2\/pages\/1628\/revisions"}],"predecessor-version":[{"id":2530,"href":"https:\/\/hiddencurriculum.ca\/fr\/wp-json\/wp\/v2\/pages\/1628\/revisions\/2530"}],"wp:attachment":[{"href":"https:\/\/hiddencurriculum.ca\/fr\/wp-json\/wp\/v2\/media?parent=1628"}],"wp:term":[{"taxonomy":"folder","embeddable":true,"href":"https:\/\/hiddencurriculum.ca\/fr\/wp-json\/wp\/v2\/folder?post=1628"}],"curies":[{"name":"wp","href":"https:\/\/api.w.org\/{rel}","templated":true}]}}