{"id":1597,"date":"2022-02-08T13:12:24","date_gmt":"2022-02-08T13:12:24","guid":{"rendered":"https:\/\/hiddencurriculum.ca\/a-propos-de-nous\/funding-and-contributors\/"},"modified":"2022-05-09T16:39:27","modified_gmt":"2022-05-09T16:39:27","slug":"financement-et-contributions","status":"publish","type":"page","link":"https:\/\/hiddencurriculum.ca\/fr\/a-propos-de-nous\/financement-et-contributions\/","title":{"rendered":"Financement et Contributions"},"content":{"rendered":"<div id=\"pl-1597\"  class=\"panel-layout\" ><div id=\"pg-1597-0\"  class=\"panel-grid panel-no-style\" ><div id=\"pgc-1597-0-0\"  class=\"panel-grid-cell\" ><div id=\"panel-1597-0-0-0\" class=\"so-panel widget widget_nav_menu panel-first-child panel-last-child\" data-index=\"0\" ><nav class=\"menu-fr-sidebar-menu-container\" aria-label=\"Menu\"><ul id=\"menu-fr-sidebar-menu\" class=\"menu\"><li id=\"menu-item-1603\" class=\"menu-title menu-item menu-item-type-custom menu-item-object-custom menu-item-1603\"><a href=\"#\">LIENS RAPIDES<\/a><\/li>\n<li id=\"menu-item-1680\" class=\"menu-item menu-item-type-post_type menu-item-object-page menu-item-has-children menu-item-1680\"><a href=\"https:\/\/hiddencurriculum.ca\/fr\/a-propos-de-nous\/\">\u00c0 PROPOS DE NOUS<\/a>\n<ul class=\"sub-menu\">\n\t<li id=\"menu-item-1607\" class=\"menu-item menu-item-type-post_type menu-item-object-page menu-item-1607\"><a href=\"https:\/\/hiddencurriculum.ca\/fr\/a-propos-de-nous\/programme-detudes-cache\/\">Programme d\u2019\u00e9tudes Cach\u00e9<\/a><\/li>\n\t<li id=\"menu-item-1606\" class=\"menu-item menu-item-type-post_type menu-item-object-page menu-item-1606\"><a href=\"https:\/\/hiddencurriculum.ca\/fr\/a-propos-de-nous\/conception-et-developpement\/\">Conception et D\u00e9veloppement<\/a><\/li>\n\t<li id=\"menu-item-1604\" class=\"menu-item menu-item-type-post_type menu-item-object-page menu-item-1604\"><a href=\"https:\/\/hiddencurriculum.ca\/fr\/a-propos-de-nous\/etude-de-recherche\/\">\u00c9tude de Recherche<\/a><\/li>\n\t<li id=\"menu-item-1605\" class=\"menu-item menu-item-type-post_type menu-item-object-page menu-item-1605\"><a href=\"https:\/\/hiddencurriculum.ca\/fr\/a-propos-de-nous\/financement-et-contributions\/\">Financement et Contributions<\/a><\/li>\n<\/ul>\n<\/li>\n<\/ul><\/nav><\/div><\/div><div id=\"pgc-1597-0-1\"  class=\"panel-grid-cell\" ><div id=\"panel-1597-0-1-0\" class=\"so-panel widget widget_text panel-first-child\" data-index=\"1\" >\t\t\t<div class=\"textwidget\"><p><em>\u00ab\u202fD\u00e9couvrir le curriculum cach\u00e9\u202f\u00bb<\/em> n&rsquo;aurait pas \u00e9t\u00e9 possible sans le d\u00e9vouement d&rsquo;une \u00e9quipe diversifi\u00e9e provenant de multiples \u00e9tablissements, secteurs et disciplines qui se sont r\u00e9unis pour cr\u00e9er des ressources \u00e9ducatives de grande qualit\u00e9 et en libre acc\u00e8s pour soutenir les apprenants et les apprenantes d&rsquo;aujourd&rsquo;hui.<\/p>\n<\/div>\n\t\t<\/div><div id=\"panel-1597-0-1-1\" class=\"so-panel widget widget_text\" data-index=\"2\" ><div class=\"bullet-circle contributor-list panel-widget-style panel-widget-style-for-1597-0-1-1\" >\t\t\t<div class=\"textwidget\"><h4><strong>Financement<\/strong><\/h4>\n<p>Ce projet est rendu possible gr\u00e2ce au financement du gouvernement de l&rsquo;Ontario et au soutien d&rsquo;eCampus Ontario \u00e0 travers la Strat\u00e9gie pour l&rsquo;apprentissage virtuel. Pour en savoir davantage sur la Strat\u00e9gie pour l\u2019apprentissage virtuel, visitez le site\u00a0:\u00a0<a href=\"https:\/\/vls.ecampusontario.ca\" target=\"_blank\" rel=\"noopener\">https:\/\/vls.ecampusontario.ca<\/a><\/p>\n<\/div>\n\t\t<\/div><\/div><div id=\"panel-1597-0-1-2\" class=\"so-panel widget widget_media_image\" data-index=\"3\" ><div class=\"panel-widget-style panel-widget-style-for-1597-0-1-2\" ><img loading=\"lazy\" decoding=\"async\" width=\"300\" height=\"55\" src=\"https:\/\/hiddencurriculum.ca\/wp-content\/uploads\/2022\/02\/Screen-Shot-2022-02-24-at-10.13.11-PM-300x55.png\" class=\"image wp-image-639  attachment-medium size-medium\" alt=\"Financ\u00e9 par eCampus Ontario montrant les logos de financement pour eCampus Ontario et Ontario.\" style=\"max-width: 100%; height: auto;\" srcset=\"https:\/\/hiddencurriculum.ca\/wp-content\/uploads\/2022\/02\/Screen-Shot-2022-02-24-at-10.13.11-PM-300x55.png 300w, https:\/\/hiddencurriculum.ca\/wp-content\/uploads\/2022\/02\/Screen-Shot-2022-02-24-at-10.13.11-PM-768x140.png 768w, https:\/\/hiddencurriculum.ca\/wp-content\/uploads\/2022\/02\/Screen-Shot-2022-02-24-at-10.13.11-PM.png 912w\" sizes=\"auto, 100vw\" \/><\/div><\/div><div id=\"panel-1597-0-1-3\" class=\"so-panel widget widget_text panel-last-child\" data-index=\"4\" ><div class=\"bullet-circle contributor-list panel-widget-style panel-widget-style-for-1597-0-1-3\" >\t\t\t<div class=\"textwidget\"><h4><strong>\u00c9quipe du projet <\/strong><\/h4>\n<ul>\n<li>Nicole Campbell: Chef de projet et conception<\/li>\n<li>Rebecca Sullivan: Coordinatrice du projet<\/li>\n<li>Faraj Haddad: \u00c9diteur de contenu et analyste de donn\u00e9es<\/li>\n<li>Samira Chams: Conceptrice \u00e9ducative<\/li>\n<li>Carmen McCarron: Auteureprincipale du contenu<\/li>\n<\/ul>\n<\/div>\n\t\t<\/div><\/div><\/div><\/div><div id=\"pg-1597-1\"  class=\"panel-grid panel-no-style\" ><div id=\"pgc-1597-1-0\"  class=\"panel-grid-cell panel-grid-cell-empty\" ><\/div><div id=\"pgc-1597-1-1\"  class=\"panel-grid-cell\" ><div id=\"panel-1597-1-1-0\" class=\"so-panel widget widget_text panel-first-child\" data-index=\"5\" >\t\t\t<div class=\"textwidget\"><h4><strong>Cr\u00e9ateurs et cr\u00e9atrices de contenu<\/strong><\/h4>\n<ul>\n<li>Barette-Ng, Isabelle<\/li>\n<li>Barr, Lauren<\/li>\n<li>Bovin, Joseph<\/li>\n<li>Brewer-Deluce, Danielle<\/li>\n<li>Cerulli, Tina<\/li>\n<li>Clarke, Kathleen<\/li>\n<li>Gurska, Jola<\/li>\n<li>Lebert, Richard<\/li>\n<li>Maheshwari, Urvi<\/li>\n<li>Mes, Andrew<\/li>\n<li>Montpetit, Colin<\/li>\n<li>Parkes, Rebecca<\/li>\n<li>Paulson, Elan<\/li>\n<li>Penny, Mandy<\/li>\n<li>Pinheiro, Marcel<\/li>\n<li>Rawle, Fiona<\/li>\n<li>Sardido, John David<\/li>\n<li>Traill, Catherine<\/li>\n<li>Zukowaki, Stephanie<\/li>\n<\/ul>\n<\/div>\n\t\t<\/div><div id=\"panel-1597-1-1-1\" class=\"so-panel widget widget_text\" data-index=\"6\" >\t\t\t<div class=\"textwidget\"><h4><strong>Conception du site Web et conception graphique<\/strong><\/h4>\n<ul>\n<li>Artha Learning Inc.<\/li>\n<li>Imprint MG<\/li>\n<li>Christina Hotz<\/li>\n<\/ul>\n<\/div>\n\t\t<\/div><div id=\"panel-1597-1-1-2\" class=\"so-panel widget widget_text panel-last-child\" data-index=\"7\" >\t\t\t<div class=\"textwidget\"><h4><strong>Traduction fran\u00e7aise <\/strong><\/h4>\n<ul>\n<li>Across Languages Inc.<\/li>\n<\/ul>\n<\/div>\n\t\t<\/div><\/div><div id=\"pgc-1597-1-2\"  class=\"panel-grid-cell\" ><div id=\"panel-1597-1-2-0\" class=\"so-panel widget widget_text panel-first-child\" data-index=\"8\" >\t\t\t<div class=\"textwidget\"><h4><strong>Consultants et consultantes<\/strong><strong> en EDI-D <\/strong><\/h4>\n<ul>\n<li>Anderson, Erdanya<\/li>\n<li>Good, Emily<\/li>\n<li>Ghosh-Swaby, Olivia<\/li>\n<li>Kicknosway, N\u2019Dawness (Misko)<\/li>\n<li>Lucaciu, Sergiu<\/li>\n<\/ul>\n<\/div>\n\t\t<\/div><div id=\"panel-1597-1-2-1\" class=\"so-panel widget widget_text panel-last-child\" data-index=\"9\" >\t\t\t<div class=\"textwidget\"><h4><strong>\u00c9quipe estivale d\u2019\u00e9tudiants et \u00e9tudiantesde recherche<\/strong><\/h4>\n<ul>\n<li>Anderson, Erin<\/li>\n<li>Bach, Emerson<\/li>\n<li>Bedi, Lavleen<\/li>\n<li>Garipova, Sabina<\/li>\n<li>Mahakul, Shubhika<\/li>\n<li>Rabbi, Mohammad<\/li>\n<li>Scholtz, Emma<\/li>\n<\/ul>\n<\/div>\n\t\t<\/div><\/div><\/div><div id=\"pg-1597-2\"  class=\"panel-grid panel-no-style\" ><div id=\"pgc-1597-2-0\"  class=\"panel-grid-cell panel-grid-cell-empty\" ><\/div><div id=\"pgc-1597-2-1\"  class=\"panel-grid-cell\" ><div id=\"panel-1597-2-1-0\" class=\"so-panel widget widget_text panel-first-child\" data-index=\"10\" ><h3 class=\"widget-title\">Emplacement de nos membres<\/h3>\t\t\t<div class=\"textwidget\"><p>Ce projet a \u00e9t\u00e9 men\u00e9 \u00e0 bien par les membres de notre \u00e9quipe qui se trouvent un peu partout en Ontario. Les neuf emplacements o\u00f9 se trouvent nos membres sont indiqu\u00e9s sur la carte ci-dessous. Ceux-ci inclus: 1. North Bay ON, Nipissing University; 2. Ottawa ON, University of Ottawa; 3. Toronto ON, University of Toronto, and Imprint Marketing Group; 4. Mississauga ON, Artha Learning Inc; 5. Waterloo ON, University of Waterloo, Wilfrid Laurier University, and Conestoga College; 6. Mitchell ON, C tB Holtz Graphic Designer; 7. London ON, Across Languages, Fanshawe College, London Health Science Center, Western University, and Huron College; 8. Sarnia ON, Lambton College; 9. Windsor ON, University of Windsor.<\/p>\n<\/div>\n\t\t<\/div><div id=\"panel-1597-2-1-1\" class=\"so-panel widget widget_media_image panel-last-child\" data-index=\"11\" ><img loading=\"lazy\" decoding=\"async\" width=\"1572\" height=\"1073\" src=\"https:\/\/hiddencurriculum.ca\/wp-content\/uploads\/2022\/05\/Map-FanshaweLHSC-fixed-8.png\" class=\"image wp-image-2520  attachment-full size-full\" alt=\"Une carte pour montrer les emplacements de nos contributeurs. La liste est d\u00e9crite dans le texte ci-dessus.\" style=\"max-width: 100%; height: auto;\" srcset=\"https:\/\/hiddencurriculum.ca\/wp-content\/uploads\/2022\/05\/Map-FanshaweLHSC-fixed-8.png 1572w, https:\/\/hiddencurriculum.ca\/wp-content\/uploads\/2022\/05\/Map-FanshaweLHSC-fixed-8-300x205.png 300w, https:\/\/hiddencurriculum.ca\/wp-content\/uploads\/2022\/05\/Map-FanshaweLHSC-fixed-8-1024x699.png 1024w, https:\/\/hiddencurriculum.ca\/wp-content\/uploads\/2022\/05\/Map-FanshaweLHSC-fixed-8-768x524.png 768w, https:\/\/hiddencurriculum.ca\/wp-content\/uploads\/2022\/05\/Map-FanshaweLHSC-fixed-8-1536x1048.png 1536w\" sizes=\"auto, 100vw\" \/><\/div><\/div><\/div><\/div>","protected":false},"excerpt":{"rendered":"<p>\u00ab\u202fD\u00e9couvrir le curriculum cach\u00e9\u202f\u00bb n&rsquo;aurait pas \u00e9t\u00e9 possible sans le d\u00e9vouement d&rsquo;une \u00e9quipe diversifi\u00e9e provenant de multiples \u00e9tablissements, secteurs et disciplines qui se sont r\u00e9unis [&hellip;]<\/p>\n","protected":false},"author":1,"featured_media":0,"parent":1581,"menu_order":0,"comment_status":"closed","ping_status":"closed","template":"","meta":{"inline_featured_image":false,"footnotes":"","_links_to":"","_links_to_target":""},"folder":[],"class_list":["post-1597","page","type-page","status-publish","hentry"],"acf":[],"yoast_head":"<!-- This site is optimized with the Yoast SEO plugin v18.8 - https:\/\/yoast.com\/wordpress\/plugins\/seo\/ -->\n<title>Financement et Contributions | Uncovering The Hidden Curriculum<\/title>\n<meta name=\"robots\" content=\"index, follow, max-snippet:-1, max-image-preview:large, max-video-preview:-1\" \/>\n<link rel=\"canonical\" href=\"https:\/\/hiddencurriculum.ca\/fr\/a-propos-de-nous\/financement-et-contributions\/\" \/>\n<meta property=\"og:locale\" content=\"fr_FR\" \/>\n<meta property=\"og:type\" content=\"article\" \/>\n<meta property=\"og:title\" content=\"Financement et Contributions | Uncovering The Hidden Curriculum\" \/>\n<meta property=\"og:description\" content=\"\u00ab\u202fD\u00e9couvrir le curriculum cach\u00e9\u202f\u00bb n&#039;aurait pas \u00e9t\u00e9 possible sans le d\u00e9vouement d&#039;une \u00e9quipe diversifi\u00e9e provenant de multiples \u00e9tablissements, secteurs et disciplines qui se sont r\u00e9unis [&hellip;]\" \/>\n<meta property=\"og:url\" content=\"https:\/\/hiddencurriculum.ca\/fr\/a-propos-de-nous\/financement-et-contributions\/\" \/>\n<meta property=\"og:site_name\" content=\"Uncovering The Hidden Curriculum\" \/>\n<meta property=\"article:modified_time\" content=\"2022-05-09T16:39:27+00:00\" \/>\n<meta name=\"twitter:card\" content=\"summary_large_image\" \/>\n<meta name=\"twitter:label1\" content=\"Dur\u00e9e de lecture estim\u00e9e\" \/>\n\t<meta name=\"twitter:data1\" content=\"2 minutes\" \/>\n<script type=\"application\/ld+json\" class=\"yoast-schema-graph\">{\"@context\":\"https:\/\/schema.org\",\"@graph\":[{\"@type\":\"Organization\",\"@id\":\"https:\/\/hiddencurriculum.ca\/#organization\",\"name\":\"Uncovering The Hidden Curriculum\",\"url\":\"https:\/\/hiddencurriculum.ca\/\",\"sameAs\":[],\"logo\":{\"@type\":\"ImageObject\",\"inLanguage\":\"fr-FR\",\"@id\":\"https:\/\/hiddencurriculum.ca\/#\/schema\/logo\/image\/\",\"url\":\"https:\/\/hiddencurriculum.ca\/wp-content\/uploads\/2022\/02\/logo.jpg\",\"contentUrl\":\"https:\/\/hiddencurriculum.ca\/wp-content\/uploads\/2022\/02\/logo.jpg\",\"width\":612,\"height\":123,\"caption\":\"Uncovering The Hidden Curriculum\"},\"image\":{\"@id\":\"https:\/\/hiddencurriculum.ca\/#\/schema\/logo\/image\/\"}},{\"@type\":\"WebSite\",\"@id\":\"https:\/\/hiddencurriculum.ca\/#website\",\"url\":\"https:\/\/hiddencurriculum.ca\/\",\"name\":\"Uncovering The Hidden Curriculum\",\"description\":\"\",\"publisher\":{\"@id\":\"https:\/\/hiddencurriculum.ca\/#organization\"},\"potentialAction\":[{\"@type\":\"SearchAction\",\"target\":{\"@type\":\"EntryPoint\",\"urlTemplate\":\"https:\/\/hiddencurriculum.ca\/?s={search_term_string}\"},\"query-input\":\"required name=search_term_string\"}],\"inLanguage\":\"fr-FR\"},{\"@type\":\"WebPage\",\"@id\":\"https:\/\/hiddencurriculum.ca\/fr\/a-propos-de-nous\/financement-et-contributions\/#webpage\",\"url\":\"https:\/\/hiddencurriculum.ca\/fr\/a-propos-de-nous\/financement-et-contributions\/\",\"name\":\"Financement et Contributions | Uncovering The Hidden Curriculum\",\"isPartOf\":{\"@id\":\"https:\/\/hiddencurriculum.ca\/#website\"},\"datePublished\":\"2022-02-08T13:12:24+00:00\",\"dateModified\":\"2022-05-09T16:39:27+00:00\",\"breadcrumb\":{\"@id\":\"https:\/\/hiddencurriculum.ca\/fr\/a-propos-de-nous\/financement-et-contributions\/#breadcrumb\"},\"inLanguage\":\"fr-FR\",\"potentialAction\":[{\"@type\":\"ReadAction\",\"target\":[\"https:\/\/hiddencurriculum.ca\/fr\/a-propos-de-nous\/financement-et-contributions\/\"]}]},{\"@type\":\"BreadcrumbList\",\"@id\":\"https:\/\/hiddencurriculum.ca\/fr\/a-propos-de-nous\/financement-et-contributions\/#breadcrumb\",\"itemListElement\":[{\"@type\":\"ListItem\",\"position\":1,\"name\":\"Home\",\"item\":\"https:\/\/hiddencurriculum.ca\/fr\/\"},{\"@type\":\"ListItem\",\"position\":2,\"name\":\"\u00c0 propos de nous\",\"item\":\"https:\/\/hiddencurriculum.ca\/fr\/a-propos-de-nous\/\"},{\"@type\":\"ListItem\",\"position\":3,\"name\":\"Financement et Contributions\"}]}]}<\/script>\n<!-- \/ Yoast SEO plugin. -->","yoast_head_json":{"title":"Financement et Contributions | Uncovering The Hidden Curriculum","robots":{"index":"index","follow":"follow","max-snippet":"max-snippet:-1","max-image-preview":"max-image-preview:large","max-video-preview":"max-video-preview:-1"},"canonical":"https:\/\/hiddencurriculum.ca\/fr\/a-propos-de-nous\/financement-et-contributions\/","og_locale":"fr_FR","og_type":"article","og_title":"Financement et Contributions | Uncovering The Hidden Curriculum","og_description":"\u00ab\u202fD\u00e9couvrir le curriculum cach\u00e9\u202f\u00bb n'aurait pas \u00e9t\u00e9 possible sans le d\u00e9vouement d'une \u00e9quipe diversifi\u00e9e provenant de multiples \u00e9tablissements, secteurs et disciplines qui se sont r\u00e9unis [&hellip;]","og_url":"https:\/\/hiddencurriculum.ca\/fr\/a-propos-de-nous\/financement-et-contributions\/","og_site_name":"Uncovering The Hidden Curriculum","article_modified_time":"2022-05-09T16:39:27+00:00","twitter_card":"summary_large_image","twitter_misc":{"Dur\u00e9e de lecture estim\u00e9e":"2 minutes"},"schema":{"@context":"https:\/\/schema.org","@graph":[{"@type":"Organization","@id":"https:\/\/hiddencurriculum.ca\/#organization","name":"Uncovering The Hidden Curriculum","url":"https:\/\/hiddencurriculum.ca\/","sameAs":[],"logo":{"@type":"ImageObject","inLanguage":"fr-FR","@id":"https:\/\/hiddencurriculum.ca\/#\/schema\/logo\/image\/","url":"https:\/\/hiddencurriculum.ca\/wp-content\/uploads\/2022\/02\/logo.jpg","contentUrl":"https:\/\/hiddencurriculum.ca\/wp-content\/uploads\/2022\/02\/logo.jpg","width":612,"height":123,"caption":"Uncovering The Hidden Curriculum"},"image":{"@id":"https:\/\/hiddencurriculum.ca\/#\/schema\/logo\/image\/"}},{"@type":"WebSite","@id":"https:\/\/hiddencurriculum.ca\/#website","url":"https:\/\/hiddencurriculum.ca\/","name":"Uncovering The Hidden Curriculum","description":"","publisher":{"@id":"https:\/\/hiddencurriculum.ca\/#organization"},"potentialAction":[{"@type":"SearchAction","target":{"@type":"EntryPoint","urlTemplate":"https:\/\/hiddencurriculum.ca\/?s={search_term_string}"},"query-input":"required name=search_term_string"}],"inLanguage":"fr-FR"},{"@type":"WebPage","@id":"https:\/\/hiddencurriculum.ca\/fr\/a-propos-de-nous\/financement-et-contributions\/#webpage","url":"https:\/\/hiddencurriculum.ca\/fr\/a-propos-de-nous\/financement-et-contributions\/","name":"Financement et Contributions | Uncovering The Hidden Curriculum","isPartOf":{"@id":"https:\/\/hiddencurriculum.ca\/#website"},"datePublished":"2022-02-08T13:12:24+00:00","dateModified":"2022-05-09T16:39:27+00:00","breadcrumb":{"@id":"https:\/\/hiddencurriculum.ca\/fr\/a-propos-de-nous\/financement-et-contributions\/#breadcrumb"},"inLanguage":"fr-FR","potentialAction":[{"@type":"ReadAction","target":["https:\/\/hiddencurriculum.ca\/fr\/a-propos-de-nous\/financement-et-contributions\/"]}]},{"@type":"BreadcrumbList","@id":"https:\/\/hiddencurriculum.ca\/fr\/a-propos-de-nous\/financement-et-contributions\/#breadcrumb","itemListElement":[{"@type":"ListItem","position":1,"name":"Home","item":"https:\/\/hiddencurriculum.ca\/fr\/"},{"@type":"ListItem","position":2,"name":"\u00c0 propos de nous","item":"https:\/\/hiddencurriculum.ca\/fr\/a-propos-de-nous\/"},{"@type":"ListItem","position":3,"name":"Financement et Contributions"}]}]}},"_links":{"self":[{"href":"https:\/\/hiddencurriculum.ca\/fr\/wp-json\/wp\/v2\/pages\/1597","targetHints":{"allow":["GET"]}}],"collection":[{"href":"https:\/\/hiddencurriculum.ca\/fr\/wp-json\/wp\/v2\/pages"}],"about":[{"href":"https:\/\/hiddencurriculum.ca\/fr\/wp-json\/wp\/v2\/types\/page"}],"author":[{"embeddable":true,"href":"https:\/\/hiddencurriculum.ca\/fr\/wp-json\/wp\/v2\/users\/1"}],"replies":[{"embeddable":true,"href":"https:\/\/hiddencurriculum.ca\/fr\/wp-json\/wp\/v2\/comments?post=1597"}],"version-history":[{"count":5,"href":"https:\/\/hiddencurriculum.ca\/fr\/wp-json\/wp\/v2\/pages\/1597\/revisions"}],"predecessor-version":[{"id":2540,"href":"https:\/\/hiddencurriculum.ca\/fr\/wp-json\/wp\/v2\/pages\/1597\/revisions\/2540"}],"up":[{"embeddable":true,"href":"https:\/\/hiddencurriculum.ca\/fr\/wp-json\/wp\/v2\/pages\/1581"}],"wp:attachment":[{"href":"https:\/\/hiddencurriculum.ca\/fr\/wp-json\/wp\/v2\/media?parent=1597"}],"wp:term":[{"taxonomy":"folder","embeddable":true,"href":"https:\/\/hiddencurriculum.ca\/fr\/wp-json\/wp\/v2\/folder?post=1597"}],"curies":[{"name":"wp","href":"https:\/\/api.w.org\/{rel}","templated":true}]}}