{"id":1593,"date":"2022-02-25T02:26:57","date_gmt":"2022-02-25T02:26:57","guid":{"rendered":"https:\/\/hiddencurriculum.ca\/a-propos-de-nous\/research-study\/"},"modified":"2022-05-09T16:36:55","modified_gmt":"2022-05-09T16:36:55","slug":"etude-de-recherche","status":"publish","type":"page","link":"https:\/\/hiddencurriculum.ca\/fr\/a-propos-de-nous\/etude-de-recherche\/","title":{"rendered":"\u00c9tude de Recherche"},"content":{"rendered":"<div id=\"pl-1593\"  class=\"panel-layout\" ><div id=\"pg-1593-0\"  class=\"panel-grid panel-no-style\" ><div id=\"pgc-1593-0-0\"  class=\"panel-grid-cell\" ><div id=\"panel-1593-0-0-0\" class=\"so-panel widget widget_nav_menu panel-first-child panel-last-child\" data-index=\"0\" ><nav class=\"menu-fr-sidebar-menu-container\" aria-label=\"Menu\"><ul id=\"menu-fr-sidebar-menu\" class=\"menu\"><li id=\"menu-item-1603\" class=\"menu-title menu-item menu-item-type-custom menu-item-object-custom menu-item-1603\"><a href=\"#\">LIENS RAPIDES<\/a><\/li>\n<li id=\"menu-item-1680\" class=\"menu-item menu-item-type-post_type menu-item-object-page menu-item-has-children menu-item-1680\"><a href=\"https:\/\/hiddencurriculum.ca\/fr\/a-propos-de-nous\/\">\u00c0 PROPOS DE NOUS<\/a>\n<ul class=\"sub-menu\">\n\t<li id=\"menu-item-1607\" class=\"menu-item menu-item-type-post_type menu-item-object-page menu-item-1607\"><a href=\"https:\/\/hiddencurriculum.ca\/fr\/a-propos-de-nous\/programme-detudes-cache\/\">Programme d\u2019\u00e9tudes Cach\u00e9<\/a><\/li>\n\t<li id=\"menu-item-1606\" class=\"menu-item menu-item-type-post_type menu-item-object-page menu-item-1606\"><a href=\"https:\/\/hiddencurriculum.ca\/fr\/a-propos-de-nous\/conception-et-developpement\/\">Conception et D\u00e9veloppement<\/a><\/li>\n\t<li id=\"menu-item-1604\" class=\"menu-item menu-item-type-post_type menu-item-object-page menu-item-1604\"><a href=\"https:\/\/hiddencurriculum.ca\/fr\/a-propos-de-nous\/etude-de-recherche\/\">\u00c9tude de Recherche<\/a><\/li>\n\t<li id=\"menu-item-1605\" class=\"menu-item menu-item-type-post_type menu-item-object-page menu-item-1605\"><a href=\"https:\/\/hiddencurriculum.ca\/fr\/a-propos-de-nous\/financement-et-contributions\/\">Financement et Contributions<\/a><\/li>\n<\/ul>\n<\/li>\n<\/ul><\/nav><\/div><\/div><div id=\"pgc-1593-0-1\"  class=\"panel-grid-cell\" ><div id=\"panel-1593-0-1-0\" class=\"so-panel widget widget_text panel-first-child\" data-index=\"1\" ><h3 class=\"widget-title\">Processus de Recherche (visual)<\/h3>\t\t\t<div class=\"textwidget\"><\/div>\n\t\t<\/div><div id=\"panel-1593-0-1-1\" class=\"so-panel widget widget_media_image\" data-index=\"2\" ><div class=\"panel-widget-style panel-widget-style-for-1593-0-1-1\" ><img loading=\"lazy\" decoding=\"async\" width=\"3076\" height=\"4130\" src=\"https:\/\/hiddencurriculum.ca\/wp-content\/uploads\/2022\/04\/Infographic-French.png\" class=\"image wp-image-1964  attachment-full size-full\" alt=\"Les informations sur cette image sont d\u00e9crites dans le texte ci-dessous\" style=\"max-width: 100%; height: auto;\" srcset=\"https:\/\/hiddencurriculum.ca\/wp-content\/uploads\/2022\/04\/Infographic-French.png 3076w, https:\/\/hiddencurriculum.ca\/wp-content\/uploads\/2022\/04\/Infographic-French-223x300.png 223w, https:\/\/hiddencurriculum.ca\/wp-content\/uploads\/2022\/04\/Infographic-French-763x1024.png 763w, https:\/\/hiddencurriculum.ca\/wp-content\/uploads\/2022\/04\/Infographic-French-768x1031.png 768w, https:\/\/hiddencurriculum.ca\/wp-content\/uploads\/2022\/04\/Infographic-French-1144x1536.png 1144w, https:\/\/hiddencurriculum.ca\/wp-content\/uploads\/2022\/04\/Infographic-French-1525x2048.png 1525w\" sizes=\"auto, 100vw\" \/><\/div><\/div><div id=\"panel-1593-0-1-2\" class=\"so-panel widget widget_text panel-last-child\" data-index=\"3\" ><h3 class=\"widget-title\">Processus de Recherche (texte)<\/h3>\t\t\t<div class=\"textwidget\"><ul>\n<li>La mise au point de la <em>D\u00e9couverte du programme d\u2019\u00e9tudes cach\u00e9<\/em> est fond\u00e9e sur une \u00e9tude en deux parties, men\u00e9e par notre \u00e9quipe. La premi\u00e8re consistait \u00e0 effectuer une <strong>analyse de la conjoncture<\/strong> pour r\u00e9pondre \u00e0 la question suivante\u202f: Quelles sont les ressources en ligne en mati\u00e8re de r\u00e9ussite scolaire et de sant\u00e9 mentale qui sont \u00e0 m\u00eame d\u2019aider les \u00e9tudiants et \u00e9tudiantes en enseignement postsecondaire? Notre \u00e9quipe a parcouru les sites Web de 54\u202f\u00e9tablissements postsecondaires (coll\u00e8ges et universit\u00e9s) de l\u2019Ontario, et \u00e9valu\u00e9 plus de mille ressources en ligne en fonction de leur format, de leur facilit\u00e9 d\u2019acc\u00e8s, de leur conformit\u00e9\u00e0 la Loi sur l\u2019accessibilit\u00e9 pour les personnes handicap\u00e9es de l\u2019Ontario (LAPHO) et de leur pertinence en mati\u00e8re d\u2019\u00e9quit\u00e9, de diversit\u00e9, d\u2019inclusion et de d\u00e9colonisation (EDI-D). L\u2019analyse du contexte a r\u00e9v\u00e9l\u00e9 que la plupart des ressources en ligne sont accessibles gratuitement et sont conformes aux exigences de la LAPHO. Cependant, la plupart sont difficiles \u00e0 trouver, sont rarement consult\u00e9es, ne tiennent pas compte du concept de l\u2019EDI-D, et ne sont pas propos\u00e9es en fran\u00e7ais.<\/li>\n<li>La deuxi\u00e8me partie de notre \u00e9tude consistait \u00e0 r\u00e9aliser <strong>un sondage en ligne<\/strong> pour explorer la question suivante\u00a0: Quelles sont les exp\u00e9riences des \u00e9tudiants et \u00e9tudiantes, du corps professoral et du personnel des \u00e9tablissements postsecondaires en ce qui concerne les ressources en ligne favorisant la r\u00e9ussite scolaire et promouvant la sant\u00e9 mentale? Au total, 215\u00a0\u00e9tudiants et \u00e9tudiantes et 53\u00a0membres du corps professoral et du personnel de 45\u00a0\u00e9tablissements postsecondaires du monde entier ont particip\u00e9\u00e0 notre sondage en ligne. Celui-ci a r\u00e9v\u00e9l\u00e9 que les \u00e9tudiants et \u00e9tudiantes en enseignement postsecondaire accordent une grande importance au d\u00e9veloppement des comp\u00e9tences, et ont tendance \u00e0 rechercher des ressources et des formations pour les perfectionner. Malheureusement, le sondage a \u00e9galement prouv\u00e9 que les \u00e9ducateurs et le personnel de soutien ont du mal \u00e0 int\u00e9grer le d\u00e9veloppement des comp\u00e9tences dans le programme d\u2019\u00e9tudes, m\u00eame s\u2019ils reconnaissent le lien entre le perfectionnement des comp\u00e9tences et la sant\u00e9 mentale.<\/li>\n<li>Les r\u00e9sultats de cette \u00e9tude ont \u00e9clair\u00e9 le contenu et la mise au point de <em>D\u00e9couverte du programme d\u2019\u00e9tudes cach\u00e9<\/em>. L\u2019objectif dominant du projet est de venir en aide aux \u00e9ducateurs pour qu\u2019ils puissent aider les \u00e9tudiants et \u00e9tudiantes. <em>La D\u00e9couverte du programme d\u2019\u00e9tudes cach\u00e9<\/em> comprend un ensemble de contenus et de ressources p\u00e9dagogiques accessibles et inclusifs, cr\u00e9\u00e9s dans l\u2019optique de l\u2019EDI-D dans le but d\u2019aider les \u00e9ducateurs \u00e0 int\u00e9grer le d\u00e9veloppement des comp\u00e9tences et la sensibilisation aux sujets directement dans leur programme. Les contenus et les ressources peuvent \u00eatre incorpor\u00e9s \u00e0 tous les \u00e9tablissements et programmes, \u00e0 toutes les disciplines et \u00e0 toutes les ann\u00e9es d\u2019\u00e9tudes. Il est possible d\u2019adopter les ressources telles quelles ou de les adapter \u00e0 diff\u00e9rents contextes \u00e9ducatifs, et tout le contenu est accessible sous une licence de Creative Commons, en anglais comme en fran\u00e7ais.<\/li>\n<\/li>\n<\/ul>\n<\/div>\n\t\t<\/div><\/div><\/div><\/div>","protected":false},"excerpt":{"rendered":"<p>La mise au point de la D\u00e9couverte du programme d\u2019\u00e9tudes cach\u00e9 est fond\u00e9e sur une \u00e9tude en deux parties, men\u00e9e par notre \u00e9quipe. La premi\u00e8re [&hellip;]<\/p>\n","protected":false},"author":1,"featured_media":0,"parent":1581,"menu_order":0,"comment_status":"closed","ping_status":"closed","template":"","meta":{"inline_featured_image":false,"footnotes":"","_links_to":"","_links_to_target":""},"folder":[],"class_list":["post-1593","page","type-page","status-publish","hentry"],"acf":[],"yoast_head":"<!-- This site is optimized with the Yoast SEO plugin v18.8 - https:\/\/yoast.com\/wordpress\/plugins\/seo\/ -->\n<title>\u00c9tude de Recherche | Uncovering The Hidden Curriculum<\/title>\n<meta name=\"robots\" content=\"index, follow, max-snippet:-1, max-image-preview:large, max-video-preview:-1\" \/>\n<link rel=\"canonical\" href=\"https:\/\/hiddencurriculum.ca\/fr\/a-propos-de-nous\/etude-de-recherche\/\" \/>\n<meta property=\"og:locale\" content=\"fr_FR\" \/>\n<meta property=\"og:type\" content=\"article\" \/>\n<meta property=\"og:title\" content=\"\u00c9tude de Recherche | Uncovering The Hidden Curriculum\" \/>\n<meta property=\"og:description\" content=\"La mise au point de la D\u00e9couverte du programme d\u2019\u00e9tudes cach\u00e9 est fond\u00e9e sur une \u00e9tude en deux parties, men\u00e9e par notre \u00e9quipe. La premi\u00e8re [&hellip;]\" \/>\n<meta property=\"og:url\" content=\"https:\/\/hiddencurriculum.ca\/fr\/a-propos-de-nous\/etude-de-recherche\/\" \/>\n<meta property=\"og:site_name\" content=\"Uncovering The Hidden Curriculum\" \/>\n<meta property=\"article:modified_time\" content=\"2022-05-09T16:36:55+00:00\" \/>\n<meta name=\"twitter:card\" content=\"summary_large_image\" \/>\n<meta name=\"twitter:label1\" content=\"Dur\u00e9e de lecture estim\u00e9e\" \/>\n\t<meta name=\"twitter:data1\" content=\"3 minutes\" \/>\n<script type=\"application\/ld+json\" class=\"yoast-schema-graph\">{\"@context\":\"https:\/\/schema.org\",\"@graph\":[{\"@type\":\"Organization\",\"@id\":\"https:\/\/hiddencurriculum.ca\/#organization\",\"name\":\"Uncovering The Hidden Curriculum\",\"url\":\"https:\/\/hiddencurriculum.ca\/\",\"sameAs\":[],\"logo\":{\"@type\":\"ImageObject\",\"inLanguage\":\"fr-FR\",\"@id\":\"https:\/\/hiddencurriculum.ca\/#\/schema\/logo\/image\/\",\"url\":\"https:\/\/hiddencurriculum.ca\/wp-content\/uploads\/2022\/02\/logo.jpg\",\"contentUrl\":\"https:\/\/hiddencurriculum.ca\/wp-content\/uploads\/2022\/02\/logo.jpg\",\"width\":612,\"height\":123,\"caption\":\"Uncovering The Hidden Curriculum\"},\"image\":{\"@id\":\"https:\/\/hiddencurriculum.ca\/#\/schema\/logo\/image\/\"}},{\"@type\":\"WebSite\",\"@id\":\"https:\/\/hiddencurriculum.ca\/#website\",\"url\":\"https:\/\/hiddencurriculum.ca\/\",\"name\":\"Uncovering The Hidden Curriculum\",\"description\":\"\",\"publisher\":{\"@id\":\"https:\/\/hiddencurriculum.ca\/#organization\"},\"potentialAction\":[{\"@type\":\"SearchAction\",\"target\":{\"@type\":\"EntryPoint\",\"urlTemplate\":\"https:\/\/hiddencurriculum.ca\/?s={search_term_string}\"},\"query-input\":\"required name=search_term_string\"}],\"inLanguage\":\"fr-FR\"},{\"@type\":\"WebPage\",\"@id\":\"https:\/\/hiddencurriculum.ca\/fr\/a-propos-de-nous\/etude-de-recherche\/#webpage\",\"url\":\"https:\/\/hiddencurriculum.ca\/fr\/a-propos-de-nous\/etude-de-recherche\/\",\"name\":\"\u00c9tude de Recherche | Uncovering The Hidden Curriculum\",\"isPartOf\":{\"@id\":\"https:\/\/hiddencurriculum.ca\/#website\"},\"datePublished\":\"2022-02-25T02:26:57+00:00\",\"dateModified\":\"2022-05-09T16:36:55+00:00\",\"breadcrumb\":{\"@id\":\"https:\/\/hiddencurriculum.ca\/fr\/a-propos-de-nous\/etude-de-recherche\/#breadcrumb\"},\"inLanguage\":\"fr-FR\",\"potentialAction\":[{\"@type\":\"ReadAction\",\"target\":[\"https:\/\/hiddencurriculum.ca\/fr\/a-propos-de-nous\/etude-de-recherche\/\"]}]},{\"@type\":\"BreadcrumbList\",\"@id\":\"https:\/\/hiddencurriculum.ca\/fr\/a-propos-de-nous\/etude-de-recherche\/#breadcrumb\",\"itemListElement\":[{\"@type\":\"ListItem\",\"position\":1,\"name\":\"Home\",\"item\":\"https:\/\/hiddencurriculum.ca\/fr\/\"},{\"@type\":\"ListItem\",\"position\":2,\"name\":\"\u00c0 propos de nous\",\"item\":\"https:\/\/hiddencurriculum.ca\/fr\/a-propos-de-nous\/\"},{\"@type\":\"ListItem\",\"position\":3,\"name\":\"\u00c9tude de Recherche\"}]}]}<\/script>\n<!-- \/ Yoast SEO plugin. -->","yoast_head_json":{"title":"\u00c9tude de Recherche | Uncovering The Hidden Curriculum","robots":{"index":"index","follow":"follow","max-snippet":"max-snippet:-1","max-image-preview":"max-image-preview:large","max-video-preview":"max-video-preview:-1"},"canonical":"https:\/\/hiddencurriculum.ca\/fr\/a-propos-de-nous\/etude-de-recherche\/","og_locale":"fr_FR","og_type":"article","og_title":"\u00c9tude de Recherche | Uncovering The Hidden Curriculum","og_description":"La mise au point de la D\u00e9couverte du programme d\u2019\u00e9tudes cach\u00e9 est fond\u00e9e sur une \u00e9tude en deux parties, men\u00e9e par notre \u00e9quipe. La premi\u00e8re [&hellip;]","og_url":"https:\/\/hiddencurriculum.ca\/fr\/a-propos-de-nous\/etude-de-recherche\/","og_site_name":"Uncovering The Hidden Curriculum","article_modified_time":"2022-05-09T16:36:55+00:00","twitter_card":"summary_large_image","twitter_misc":{"Dur\u00e9e de lecture estim\u00e9e":"3 minutes"},"schema":{"@context":"https:\/\/schema.org","@graph":[{"@type":"Organization","@id":"https:\/\/hiddencurriculum.ca\/#organization","name":"Uncovering The Hidden Curriculum","url":"https:\/\/hiddencurriculum.ca\/","sameAs":[],"logo":{"@type":"ImageObject","inLanguage":"fr-FR","@id":"https:\/\/hiddencurriculum.ca\/#\/schema\/logo\/image\/","url":"https:\/\/hiddencurriculum.ca\/wp-content\/uploads\/2022\/02\/logo.jpg","contentUrl":"https:\/\/hiddencurriculum.ca\/wp-content\/uploads\/2022\/02\/logo.jpg","width":612,"height":123,"caption":"Uncovering The Hidden Curriculum"},"image":{"@id":"https:\/\/hiddencurriculum.ca\/#\/schema\/logo\/image\/"}},{"@type":"WebSite","@id":"https:\/\/hiddencurriculum.ca\/#website","url":"https:\/\/hiddencurriculum.ca\/","name":"Uncovering The Hidden Curriculum","description":"","publisher":{"@id":"https:\/\/hiddencurriculum.ca\/#organization"},"potentialAction":[{"@type":"SearchAction","target":{"@type":"EntryPoint","urlTemplate":"https:\/\/hiddencurriculum.ca\/?s={search_term_string}"},"query-input":"required name=search_term_string"}],"inLanguage":"fr-FR"},{"@type":"WebPage","@id":"https:\/\/hiddencurriculum.ca\/fr\/a-propos-de-nous\/etude-de-recherche\/#webpage","url":"https:\/\/hiddencurriculum.ca\/fr\/a-propos-de-nous\/etude-de-recherche\/","name":"\u00c9tude de Recherche | Uncovering The Hidden Curriculum","isPartOf":{"@id":"https:\/\/hiddencurriculum.ca\/#website"},"datePublished":"2022-02-25T02:26:57+00:00","dateModified":"2022-05-09T16:36:55+00:00","breadcrumb":{"@id":"https:\/\/hiddencurriculum.ca\/fr\/a-propos-de-nous\/etude-de-recherche\/#breadcrumb"},"inLanguage":"fr-FR","potentialAction":[{"@type":"ReadAction","target":["https:\/\/hiddencurriculum.ca\/fr\/a-propos-de-nous\/etude-de-recherche\/"]}]},{"@type":"BreadcrumbList","@id":"https:\/\/hiddencurriculum.ca\/fr\/a-propos-de-nous\/etude-de-recherche\/#breadcrumb","itemListElement":[{"@type":"ListItem","position":1,"name":"Home","item":"https:\/\/hiddencurriculum.ca\/fr\/"},{"@type":"ListItem","position":2,"name":"\u00c0 propos de nous","item":"https:\/\/hiddencurriculum.ca\/fr\/a-propos-de-nous\/"},{"@type":"ListItem","position":3,"name":"\u00c9tude de Recherche"}]}]}},"_links":{"self":[{"href":"https:\/\/hiddencurriculum.ca\/fr\/wp-json\/wp\/v2\/pages\/1593","targetHints":{"allow":["GET"]}}],"collection":[{"href":"https:\/\/hiddencurriculum.ca\/fr\/wp-json\/wp\/v2\/pages"}],"about":[{"href":"https:\/\/hiddencurriculum.ca\/fr\/wp-json\/wp\/v2\/types\/page"}],"author":[{"embeddable":true,"href":"https:\/\/hiddencurriculum.ca\/fr\/wp-json\/wp\/v2\/users\/1"}],"replies":[{"embeddable":true,"href":"https:\/\/hiddencurriculum.ca\/fr\/wp-json\/wp\/v2\/comments?post=1593"}],"version-history":[{"count":4,"href":"https:\/\/hiddencurriculum.ca\/fr\/wp-json\/wp\/v2\/pages\/1593\/revisions"}],"predecessor-version":[{"id":2538,"href":"https:\/\/hiddencurriculum.ca\/fr\/wp-json\/wp\/v2\/pages\/1593\/revisions\/2538"}],"up":[{"embeddable":true,"href":"https:\/\/hiddencurriculum.ca\/fr\/wp-json\/wp\/v2\/pages\/1581"}],"wp:attachment":[{"href":"https:\/\/hiddencurriculum.ca\/fr\/wp-json\/wp\/v2\/media?parent=1593"}],"wp:term":[{"taxonomy":"folder","embeddable":true,"href":"https:\/\/hiddencurriculum.ca\/fr\/wp-json\/wp\/v2\/folder?post=1593"}],"curies":[{"name":"wp","href":"https:\/\/api.w.org\/{rel}","templated":true}]}}