{"id":1585,"date":"2022-02-08T13:06:08","date_gmt":"2022-02-08T13:06:08","guid":{"rendered":"https:\/\/hiddencurriculum.ca\/a-propos-de-nous\/hidden-curriculum\/"},"modified":"2022-04-29T13:09:22","modified_gmt":"2022-04-29T13:09:22","slug":"programme-detudes-cache","status":"publish","type":"page","link":"https:\/\/hiddencurriculum.ca\/fr\/a-propos-de-nous\/programme-detudes-cache\/","title":{"rendered":"Programme d\u2019\u00e9tudes Cach\u00e9"},"content":{"rendered":"<div id=\"pl-1585\"  class=\"panel-layout\" ><div id=\"pg-1585-0\"  class=\"panel-grid panel-no-style\" ><div id=\"pgc-1585-0-0\"  class=\"panel-grid-cell\" ><div id=\"panel-1585-0-0-0\" class=\"so-panel widget widget_nav_menu panel-first-child panel-last-child\" data-index=\"0\" ><nav class=\"menu-fr-sidebar-menu-container\" aria-label=\"Menu\"><ul id=\"menu-fr-sidebar-menu\" class=\"menu\"><li id=\"menu-item-1603\" class=\"menu-title menu-item menu-item-type-custom menu-item-object-custom menu-item-1603\"><a href=\"#\">LIENS RAPIDES<\/a><\/li>\n<li id=\"menu-item-1680\" class=\"menu-item menu-item-type-post_type menu-item-object-page menu-item-has-children menu-item-1680\"><a href=\"https:\/\/hiddencurriculum.ca\/fr\/a-propos-de-nous\/\">\u00c0 PROPOS DE NOUS<\/a>\n<ul class=\"sub-menu\">\n\t<li id=\"menu-item-1607\" class=\"menu-item menu-item-type-post_type menu-item-object-page menu-item-1607\"><a href=\"https:\/\/hiddencurriculum.ca\/fr\/a-propos-de-nous\/programme-detudes-cache\/\">Programme d\u2019\u00e9tudes Cach\u00e9<\/a><\/li>\n\t<li id=\"menu-item-1606\" class=\"menu-item menu-item-type-post_type menu-item-object-page menu-item-1606\"><a href=\"https:\/\/hiddencurriculum.ca\/fr\/a-propos-de-nous\/conception-et-developpement\/\">Conception et D\u00e9veloppement<\/a><\/li>\n\t<li id=\"menu-item-1604\" class=\"menu-item menu-item-type-post_type menu-item-object-page menu-item-1604\"><a href=\"https:\/\/hiddencurriculum.ca\/fr\/a-propos-de-nous\/etude-de-recherche\/\">\u00c9tude de Recherche<\/a><\/li>\n\t<li id=\"menu-item-1605\" class=\"menu-item menu-item-type-post_type menu-item-object-page menu-item-1605\"><a href=\"https:\/\/hiddencurriculum.ca\/fr\/a-propos-de-nous\/financement-et-contributions\/\">Financement et Contributions<\/a><\/li>\n<\/ul>\n<\/li>\n<\/ul><\/nav><\/div><\/div><div id=\"pgc-1585-0-1\"  class=\"panel-grid-cell\" ><div id=\"panel-1585-0-1-0\" class=\"so-panel widget widget_text panel-first-child\" data-index=\"1\" ><h3 class=\"widget-title\">Qu\u2019est-ce que le programme d\u2019\u00e9tudes cach\u00e9?<\/h3>\t\t\t<div class=\"textwidget\"><p>&nbsp;<\/p>\n<ul>\n<li>Le programme d\u2019\u00e9tudes d\u00e9signe de mani\u00e8re g\u00e9n\u00e9rale l\u2019ensemble des contenus et des exp\u00e9riences d\u2019un cours ou d\u2019un programme. Dans la plupart des cas, le programme est assez structur\u00e9 et les attentes sont explicites. La plupart des \u00e9ducateurs et \u00e9ducatricessont familiers avec le mot \u00ab\u00a0programmed\u2019\u00e9tudes\u00a0\u00bb, mais peuvent \u00eatre surpris d\u2019apprendre qu\u2019il en existe d\u2019autres types. Ces diff\u00e9rents types peuvent \u00eatre consid\u00e9r\u00e9s comme des couches qui interagissent et contribuent \u00e0 l\u2019exp\u00e9rience p\u00e9dagogique des \u00e9tudiants et \u00e9tudiantes. Le <strong>programme d\u2019\u00e9tudes cach\u00e9<\/strong> est l\u2019une de ces couches renvoyant aux le\u00e7ons non \u00e9crites et non officielles que les apprenants et apprenantes acqui\u00e8rent implicitement et qui ne sont pas enseign\u00e9es formellement. Le programme d\u2019\u00e9tudes cach\u00e9 est pr\u00e9sent \u00e0 toutes les \u00e9tapes de l\u2019\u00e9ducation, mais il devient de plus en plus pertinent pour les apprenants et apprenantes qui tentent de se retrouver dans des milieux d\u2019apprentissage postsecondaires et explorent des possibilit\u00e9s de carri\u00e8re.<\/li>\n<\/ul>\n<\/div>\n\t\t<\/div><div id=\"panel-1585-0-1-1\" class=\"so-panel widget widget_text\" data-index=\"2\" >\t\t\t<div class=\"textwidget\"><ul>\n<li>\n<p style=\"margin-top: 0in; background: white;\"><span lang=\"EN-CA\" style=\"font-size: 13.5pt; font-family: 'Roboto Condensed'; color: #222222;\">Comme le programme d\u2019\u00e9tudes cach\u00e9 n\u2019est souvent pas enseign\u00e9 de mani\u00e8re explicite, nous pensons qu\u2019il peut avoir un effet n\u00e9gatif sur la r\u00e9ussite et la sant\u00e9 mentale des \u00e9tudiants et \u00e9tudiantes. Ceux-ci n\u2019entreprennent pas des \u00e9tudes postsecondaires avec les m\u00eames connaissances pr\u00e9existantes des comp\u00e9tences cach\u00e9es. Apr\u00e8s tout, l\u2019acc\u00e8s \u00e0 ces connaissances d\u00e9pend fortement de nombreux facteurs, comme la culture et le milieu socio\u00e9conomique. Par exemple, la capacit\u00e9 \u00e0 cr\u00e9er des r\u00e9seaux relationnels et \u00e0 nouer des relations professionnelles n\u00e9cessite la connaissance de normes et d\u2019attentes que certains \u00e9tudiants et \u00e9tudiantes n\u2019ont peut-\u00eatre pas eu la chance d\u2019apprendre si la famille ou l\u2019\u00e9cole dans laquelle ils ont grandi ne leur a pas donn\u00e9 l\u2019occasion d\u2019apprendre ces normes et attentes, et de les mettre en pratique. Les \u00e9carts dans la connaissance des comp\u00e9tences cach\u00e9es entre des \u00e9tudiants individuels ou des groupes d\u2019\u00e9tudiants peuvent renforcer les in\u00e9galit\u00e9s sociales et entraver l\u2019acc\u00e8s aux possibilit\u00e9s \u00e9conomiques au sein et au-del\u00e0 de l\u2019enseignement postsecondaire.<\/span><\/p>\n<\/li>\n<\/ul>\n<\/div>\n\t\t<\/div><div id=\"panel-1585-0-1-2\" class=\"so-panel widget widget_text panel-last-child\" data-index=\"3\" >\t\t\t<div class=\"textwidget\"><ul>\n<li>C\u2019est pour ces raisons que nous avons cr\u00e9\u00e9 <em>la d\u00e9couverte du programme d\u2019\u00e9tudes cach\u00e9<\/em>. Nous pensons que les \u00e9ducateurs et \u00e9ducatrices sont \u00e0 m\u00eame de promouvoir l\u2019importance et la pertinence des sujets qui visent \u00e0 cibler le programme d\u2019\u00e9tudes cach\u00e9. L\u2019int\u00e9gration explicite de ce contenu dans leurs cours favorise l\u2019acc\u00e8s \u00e9quitable aux connaissances et aux comp\u00e9tences qui profiteront aux \u00e9tudiants et \u00e9tudiantes durant leur parcours universitaire. L\u2019apprentissage de ces comp\u00e9tences transf\u00e9rables permettra \u00e9galement \u00e0 ceux-ci de relever diff\u00e9rents d\u00e9fis professionnels et interpersonnels dans leur vie.<\/li>\n<\/ul>\n<\/div>\n\t\t<\/div><\/div><\/div><\/div>","protected":false},"excerpt":{"rendered":"<p>&nbsp; Le programme d\u2019\u00e9tudes d\u00e9signe de mani\u00e8re g\u00e9n\u00e9rale l\u2019ensemble des contenus et des exp\u00e9riences d\u2019un cours ou d\u2019un programme. Dans la plupart des cas, le [&hellip;]<\/p>\n","protected":false},"author":1,"featured_media":0,"parent":1581,"menu_order":0,"comment_status":"closed","ping_status":"closed","template":"","meta":{"inline_featured_image":false,"footnotes":"","_links_to":"","_links_to_target":""},"folder":[],"class_list":["post-1585","page","type-page","status-publish","hentry"],"acf":[],"yoast_head":"<!-- This site is optimized with the Yoast SEO plugin v18.8 - https:\/\/yoast.com\/wordpress\/plugins\/seo\/ -->\n<title>Programme d\u2019\u00e9tudes Cach\u00e9 | Uncovering The Hidden Curriculum<\/title>\n<meta name=\"robots\" content=\"index, follow, max-snippet:-1, max-image-preview:large, max-video-preview:-1\" \/>\n<link rel=\"canonical\" href=\"https:\/\/hiddencurriculum.ca\/fr\/a-propos-de-nous\/programme-detudes-cache\/\" \/>\n<meta property=\"og:locale\" content=\"fr_FR\" \/>\n<meta property=\"og:type\" content=\"article\" \/>\n<meta property=\"og:title\" content=\"Programme d\u2019\u00e9tudes Cach\u00e9 | Uncovering The Hidden Curriculum\" \/>\n<meta property=\"og:description\" content=\"&nbsp; Le programme d\u2019\u00e9tudes d\u00e9signe de mani\u00e8re g\u00e9n\u00e9rale l\u2019ensemble des contenus et des exp\u00e9riences d\u2019un cours ou d\u2019un programme. Dans la plupart des cas, le [&hellip;]\" \/>\n<meta property=\"og:url\" content=\"https:\/\/hiddencurriculum.ca\/fr\/a-propos-de-nous\/programme-detudes-cache\/\" \/>\n<meta property=\"og:site_name\" content=\"Uncovering The Hidden Curriculum\" \/>\n<meta property=\"article:modified_time\" content=\"2022-04-29T13:09:22+00:00\" \/>\n<meta name=\"twitter:card\" content=\"summary_large_image\" \/>\n<meta name=\"twitter:label1\" content=\"Dur\u00e9e de lecture estim\u00e9e\" \/>\n\t<meta name=\"twitter:data1\" content=\"2 minutes\" \/>\n<script type=\"application\/ld+json\" class=\"yoast-schema-graph\">{\"@context\":\"https:\/\/schema.org\",\"@graph\":[{\"@type\":\"Organization\",\"@id\":\"https:\/\/hiddencurriculum.ca\/#organization\",\"name\":\"Uncovering The Hidden Curriculum\",\"url\":\"https:\/\/hiddencurriculum.ca\/\",\"sameAs\":[],\"logo\":{\"@type\":\"ImageObject\",\"inLanguage\":\"fr-FR\",\"@id\":\"https:\/\/hiddencurriculum.ca\/#\/schema\/logo\/image\/\",\"url\":\"https:\/\/hiddencurriculum.ca\/wp-content\/uploads\/2022\/02\/logo.jpg\",\"contentUrl\":\"https:\/\/hiddencurriculum.ca\/wp-content\/uploads\/2022\/02\/logo.jpg\",\"width\":612,\"height\":123,\"caption\":\"Uncovering The Hidden Curriculum\"},\"image\":{\"@id\":\"https:\/\/hiddencurriculum.ca\/#\/schema\/logo\/image\/\"}},{\"@type\":\"WebSite\",\"@id\":\"https:\/\/hiddencurriculum.ca\/#website\",\"url\":\"https:\/\/hiddencurriculum.ca\/\",\"name\":\"Uncovering The Hidden Curriculum\",\"description\":\"\",\"publisher\":{\"@id\":\"https:\/\/hiddencurriculum.ca\/#organization\"},\"potentialAction\":[{\"@type\":\"SearchAction\",\"target\":{\"@type\":\"EntryPoint\",\"urlTemplate\":\"https:\/\/hiddencurriculum.ca\/?s={search_term_string}\"},\"query-input\":\"required name=search_term_string\"}],\"inLanguage\":\"fr-FR\"},{\"@type\":\"WebPage\",\"@id\":\"https:\/\/hiddencurriculum.ca\/fr\/a-propos-de-nous\/programme-detudes-cache\/#webpage\",\"url\":\"https:\/\/hiddencurriculum.ca\/fr\/a-propos-de-nous\/programme-detudes-cache\/\",\"name\":\"Programme d\u2019\u00e9tudes Cach\u00e9 | Uncovering The Hidden Curriculum\",\"isPartOf\":{\"@id\":\"https:\/\/hiddencurriculum.ca\/#website\"},\"datePublished\":\"2022-02-08T13:06:08+00:00\",\"dateModified\":\"2022-04-29T13:09:22+00:00\",\"breadcrumb\":{\"@id\":\"https:\/\/hiddencurriculum.ca\/fr\/a-propos-de-nous\/programme-detudes-cache\/#breadcrumb\"},\"inLanguage\":\"fr-FR\",\"potentialAction\":[{\"@type\":\"ReadAction\",\"target\":[\"https:\/\/hiddencurriculum.ca\/fr\/a-propos-de-nous\/programme-detudes-cache\/\"]}]},{\"@type\":\"BreadcrumbList\",\"@id\":\"https:\/\/hiddencurriculum.ca\/fr\/a-propos-de-nous\/programme-detudes-cache\/#breadcrumb\",\"itemListElement\":[{\"@type\":\"ListItem\",\"position\":1,\"name\":\"Home\",\"item\":\"https:\/\/hiddencurriculum.ca\/fr\/\"},{\"@type\":\"ListItem\",\"position\":2,\"name\":\"\u00c0 propos de nous\",\"item\":\"https:\/\/hiddencurriculum.ca\/fr\/a-propos-de-nous\/\"},{\"@type\":\"ListItem\",\"position\":3,\"name\":\"Programme d\u2019\u00e9tudes Cach\u00e9\"}]}]}<\/script>\n<!-- \/ Yoast SEO plugin. -->","yoast_head_json":{"title":"Programme d\u2019\u00e9tudes Cach\u00e9 | Uncovering The Hidden Curriculum","robots":{"index":"index","follow":"follow","max-snippet":"max-snippet:-1","max-image-preview":"max-image-preview:large","max-video-preview":"max-video-preview:-1"},"canonical":"https:\/\/hiddencurriculum.ca\/fr\/a-propos-de-nous\/programme-detudes-cache\/","og_locale":"fr_FR","og_type":"article","og_title":"Programme d\u2019\u00e9tudes Cach\u00e9 | Uncovering The Hidden Curriculum","og_description":"&nbsp; Le programme d\u2019\u00e9tudes d\u00e9signe de mani\u00e8re g\u00e9n\u00e9rale l\u2019ensemble des contenus et des exp\u00e9riences d\u2019un cours ou d\u2019un programme. Dans la plupart des cas, le [&hellip;]","og_url":"https:\/\/hiddencurriculum.ca\/fr\/a-propos-de-nous\/programme-detudes-cache\/","og_site_name":"Uncovering The Hidden Curriculum","article_modified_time":"2022-04-29T13:09:22+00:00","twitter_card":"summary_large_image","twitter_misc":{"Dur\u00e9e de lecture estim\u00e9e":"2 minutes"},"schema":{"@context":"https:\/\/schema.org","@graph":[{"@type":"Organization","@id":"https:\/\/hiddencurriculum.ca\/#organization","name":"Uncovering The Hidden Curriculum","url":"https:\/\/hiddencurriculum.ca\/","sameAs":[],"logo":{"@type":"ImageObject","inLanguage":"fr-FR","@id":"https:\/\/hiddencurriculum.ca\/#\/schema\/logo\/image\/","url":"https:\/\/hiddencurriculum.ca\/wp-content\/uploads\/2022\/02\/logo.jpg","contentUrl":"https:\/\/hiddencurriculum.ca\/wp-content\/uploads\/2022\/02\/logo.jpg","width":612,"height":123,"caption":"Uncovering The Hidden Curriculum"},"image":{"@id":"https:\/\/hiddencurriculum.ca\/#\/schema\/logo\/image\/"}},{"@type":"WebSite","@id":"https:\/\/hiddencurriculum.ca\/#website","url":"https:\/\/hiddencurriculum.ca\/","name":"Uncovering The Hidden Curriculum","description":"","publisher":{"@id":"https:\/\/hiddencurriculum.ca\/#organization"},"potentialAction":[{"@type":"SearchAction","target":{"@type":"EntryPoint","urlTemplate":"https:\/\/hiddencurriculum.ca\/?s={search_term_string}"},"query-input":"required name=search_term_string"}],"inLanguage":"fr-FR"},{"@type":"WebPage","@id":"https:\/\/hiddencurriculum.ca\/fr\/a-propos-de-nous\/programme-detudes-cache\/#webpage","url":"https:\/\/hiddencurriculum.ca\/fr\/a-propos-de-nous\/programme-detudes-cache\/","name":"Programme d\u2019\u00e9tudes Cach\u00e9 | Uncovering The Hidden Curriculum","isPartOf":{"@id":"https:\/\/hiddencurriculum.ca\/#website"},"datePublished":"2022-02-08T13:06:08+00:00","dateModified":"2022-04-29T13:09:22+00:00","breadcrumb":{"@id":"https:\/\/hiddencurriculum.ca\/fr\/a-propos-de-nous\/programme-detudes-cache\/#breadcrumb"},"inLanguage":"fr-FR","potentialAction":[{"@type":"ReadAction","target":["https:\/\/hiddencurriculum.ca\/fr\/a-propos-de-nous\/programme-detudes-cache\/"]}]},{"@type":"BreadcrumbList","@id":"https:\/\/hiddencurriculum.ca\/fr\/a-propos-de-nous\/programme-detudes-cache\/#breadcrumb","itemListElement":[{"@type":"ListItem","position":1,"name":"Home","item":"https:\/\/hiddencurriculum.ca\/fr\/"},{"@type":"ListItem","position":2,"name":"\u00c0 propos de nous","item":"https:\/\/hiddencurriculum.ca\/fr\/a-propos-de-nous\/"},{"@type":"ListItem","position":3,"name":"Programme d\u2019\u00e9tudes Cach\u00e9"}]}]}},"_links":{"self":[{"href":"https:\/\/hiddencurriculum.ca\/fr\/wp-json\/wp\/v2\/pages\/1585","targetHints":{"allow":["GET"]}}],"collection":[{"href":"https:\/\/hiddencurriculum.ca\/fr\/wp-json\/wp\/v2\/pages"}],"about":[{"href":"https:\/\/hiddencurriculum.ca\/fr\/wp-json\/wp\/v2\/types\/page"}],"author":[{"embeddable":true,"href":"https:\/\/hiddencurriculum.ca\/fr\/wp-json\/wp\/v2\/users\/1"}],"replies":[{"embeddable":true,"href":"https:\/\/hiddencurriculum.ca\/fr\/wp-json\/wp\/v2\/comments?post=1585"}],"version-history":[{"count":2,"href":"https:\/\/hiddencurriculum.ca\/fr\/wp-json\/wp\/v2\/pages\/1585\/revisions"}],"predecessor-version":[{"id":2495,"href":"https:\/\/hiddencurriculum.ca\/fr\/wp-json\/wp\/v2\/pages\/1585\/revisions\/2495"}],"up":[{"embeddable":true,"href":"https:\/\/hiddencurriculum.ca\/fr\/wp-json\/wp\/v2\/pages\/1581"}],"wp:attachment":[{"href":"https:\/\/hiddencurriculum.ca\/fr\/wp-json\/wp\/v2\/media?parent=1585"}],"wp:term":[{"taxonomy":"folder","embeddable":true,"href":"https:\/\/hiddencurriculum.ca\/fr\/wp-json\/wp\/v2\/folder?post=1585"}],"curies":[{"name":"wp","href":"https:\/\/api.w.org\/{rel}","templated":true}]}}