{"id":1581,"date":"2022-02-02T12:46:55","date_gmt":"2022-02-02T12:46:55","guid":{"rendered":"https:\/\/hiddencurriculum.ca\/about-us\/"},"modified":"2022-05-09T16:54:46","modified_gmt":"2022-05-09T16:54:46","slug":"a-propos-de-nous","status":"publish","type":"page","link":"https:\/\/hiddencurriculum.ca\/fr\/a-propos-de-nous\/","title":{"rendered":"\u00c0 propos de nous"},"content":{"rendered":"<div id=\"pl-1581\"  class=\"panel-layout\" ><div id=\"pg-1581-0\"  class=\"panel-grid panel-no-style\" ><div id=\"pgc-1581-0-0\"  class=\"panel-grid-cell\" ><div id=\"panel-1581-0-0-0\" class=\"so-panel widget widget_nav_menu panel-first-child panel-last-child\" data-index=\"0\" ><nav class=\"menu-fr-sidebar-menu-container\" aria-label=\"Menu\"><ul id=\"menu-fr-sidebar-menu\" class=\"menu\"><li id=\"menu-item-1603\" class=\"menu-title menu-item menu-item-type-custom menu-item-object-custom menu-item-1603\"><a href=\"#\">LIENS RAPIDES<\/a><\/li>\n<li id=\"menu-item-1680\" class=\"menu-item menu-item-type-post_type menu-item-object-page menu-item-has-children menu-item-1680\"><a href=\"https:\/\/hiddencurriculum.ca\/fr\/a-propos-de-nous\/\">\u00c0 PROPOS DE NOUS<\/a>\n<ul class=\"sub-menu\">\n\t<li id=\"menu-item-1607\" class=\"menu-item menu-item-type-post_type menu-item-object-page menu-item-1607\"><a href=\"https:\/\/hiddencurriculum.ca\/fr\/a-propos-de-nous\/programme-detudes-cache\/\">Programme d\u2019\u00e9tudes Cach\u00e9<\/a><\/li>\n\t<li id=\"menu-item-1606\" class=\"menu-item menu-item-type-post_type menu-item-object-page menu-item-1606\"><a href=\"https:\/\/hiddencurriculum.ca\/fr\/a-propos-de-nous\/conception-et-developpement\/\">Conception et D\u00e9veloppement<\/a><\/li>\n\t<li id=\"menu-item-1604\" class=\"menu-item menu-item-type-post_type menu-item-object-page menu-item-1604\"><a href=\"https:\/\/hiddencurriculum.ca\/fr\/a-propos-de-nous\/etude-de-recherche\/\">\u00c9tude de Recherche<\/a><\/li>\n\t<li id=\"menu-item-1605\" class=\"menu-item menu-item-type-post_type menu-item-object-page menu-item-1605\"><a href=\"https:\/\/hiddencurriculum.ca\/fr\/a-propos-de-nous\/financement-et-contributions\/\">Financement et Contributions<\/a><\/li>\n<\/ul>\n<\/li>\n<\/ul><\/nav><\/div><\/div><div id=\"pgc-1581-0-1\"  class=\"panel-grid-cell\" ><div id=\"panel-1581-0-1-0\" class=\"so-panel widget widget_text panel-first-child\" data-index=\"1\" ><h3 class=\"widget-title\">Qu\u2019est-ce que la d\u00e9couvrir le curriculum cach\u00e9?<\/h3>\t\t\t<div class=\"textwidget\"><p>&nbsp;<\/p>\n<ul>\n<li><em>D\u00e9couvrir le curriculum cach\u00e9 <\/em>est une initiative interinstitutionnelle, intersectorielle et interdisciplinaire destin\u00e9e \u00e0 soutenir le perfectionnement p\u00e9dagogique, personnel et professionnel des apprenants et apprenantes. Ce site Web comprend divers contenus et ressources ax\u00e9s sur les comp\u00e9tences que les \u00e9ducateurs et \u00e9ducatrices peuvent int\u00e9grer \u00e0 leurs cours. Nous pensons que ce programme favorisera la sant\u00e9 mentale des \u00e9tudiants et \u00e9tudiantes, premi\u00e8re motivation de ce projet. De plus, lorsque les \u00e9ducateurs et \u00e9ducatrices s\u2019engagent dans des activit\u00e9s visant \u00e0 D<em>\u00e9couvrir le curriculum cach\u00e9<\/em>, ils humanisent l\u2019apprentissage et assurent des interactions plus significatives avec les \u00e9tudiants et \u00e9tudiantes.<\/li>\n<li><em>D\u00e9couvrir le curriculum cach\u00e9<\/em>\u00a0est compos\u00e9e de 54\u00a0comp\u00e9tences\/sujets, class\u00e9s en cinq domaines\u00a0: fonction ex\u00e9cutive, communication, pens\u00e9e critique, intelligence intra- et interpersonnelle, et responsabilit\u00e9 sociale. Chaque comp\u00e9tence\/sujet est organis\u00e9 en un module comprenant des contenus et des ressources s\u2019adressant tant aux \u00e9tudiants qu\u2019aux \u00e9ducateurs. Le contenu \u00e9nonce les raisons pour lesquelles il est important que les \u00e9tudiants et \u00e9tudiantes acqui\u00e8rent la comp\u00e9tence en question et sa relation avec la sant\u00e9 mentale. Les ressources comprennent des strat\u00e9gies dont les \u00e9ducateurs et \u00e9ducatricespeuvent faire part \u00e0 la classe, des conseils dont ils peuvent se servir dans la conception et la pr\u00e9sentation de leurs cours, et des activit\u00e9s qu\u2019ils peuvent faire avec les \u00e9tudiants et \u00e9tudiantes. L\u2019image ci-dessous illustre les comp\u00e9tences\/sujets et domaines inclus dans <em>la D\u00e9couvrir le curriculum cach\u00e9<\/em>.<\/li>\n<li>Lorsque vous explorez les comp\u00e9tences\/sujets, gardez \u00e0 l\u2019esprit que les d\u00e9couvrir consiste \u00e0 les int\u00e9grer dans les espaces d\u2019enseignement et d\u2019apprentissage de mani\u00e8re explicite et significative. <em>D\u00e9couvrir le curriculum cach\u00e9<\/em>\u00a0fait pendant aux plan et contenu des cours existants et, dans certains cas, en faire partie. Ce processus est un parcours et toute d\u00e9marche en ce sens t\u00e9moigne d\u2019un engagement et d\u2019une mobilisation envers les \u00e9tudiants et \u00e9tudiantes qui ne passeront pas inaper\u00e7us.<\/li>\n<li><strong>Tout le contenu et les ressources li\u00e9s \u00e0 la D<em>\u00e9couverte du programme d\u2019\u00e9tudes cach\u00e9<\/em> sont sous licence Creative Commons Attribution-NonCommercial-ShareAlike.<\/strong><\/li>\n<\/ul>\n<\/div>\n\t\t<\/div><div id=\"panel-1581-0-1-1\" class=\"so-panel widget widget_media_image panel-last-child\" data-index=\"2\" ><img loading=\"lazy\" decoding=\"async\" width=\"1725\" height=\"1673\" src=\"https:\/\/hiddencurriculum.ca\/wp-content\/uploads\/2022\/04\/CircleChartFinal-French-new-font-UTHC-spelled-out-.png\" class=\"image wp-image-1970  attachment-full size-full\" alt=\"Tableau circulaire de toutes les comp\u00e9tences faisant partie de D\u00e9couvrir le programme cach\u00e9. Pens\u00e9e critique: Poser des questions, Remue-m\u00e9ninges, Biais cognitif, R\u00e9flexion critique, Cultiver la cr\u00e9ativit\u00e9, Conception cr\u00e9ative, Formulation d&#039;arguments logiques,R\u00e9solution de probl\u00e8mes, La pens\u00e9e cr\u00e9atrice. Fonction ex\u00e9cutive: Techniques d\u2019\u00e9tude fond\u00e9es sur des donn\u00e9es probantes, \u00c9tablissement d\u2019objectifs, Reconna\u00eetre la m\u00e9sinformation, Prise de notes, Surmonter l\u2019accablement, Paralysie de la perfection, \u00c9tablissement des priorit\u00e9s, Chartes de projet et d\u2019\u00e9quipe, Gestion de projet, Gestion du temps. Responsabilit\u00e9 sociale: Accessibilit\u00e9, Sensibilisation culturelle, \u00c9quit\u00e9, Autochtonisation et d\u00e9colonisation, Privil\u00e8ge, Justice raciale. Intra et interpersonnel: Droit universitaire d\u00fb, Intelligence \u00e9motionnelle, Empathie, Syndrome de l\u2019imposteur, Connaissance des forces personnelles, Leadership, Opinions divergentes, \u00c9panouissement et perfectionnement personnels, Recadrage de l&#039;\u00e9chec, L\u2019autonomie sociale, Conscience de soi, Autogestion de la sant\u00e9, Automotivation, Autopromotion, Travailler avec les autres. La communication: \u00c9coute active, Mobilisation du public, Identification du public cible, Conversations difficiles , Litt\u00e9ratie num\u00e9rique, Donner et recevoir de la r\u00e9troaction, Constitution de r\u00e9seaux relationnels, Communication en ligne, Professionnalisme en ligne, Planification r\u00e9daction d\u2019\u00e9bauche et r\u00e9vision, Parler en public, Compr\u00e9hension en lecture, R\u00e9sum\u00e9 et synth\u00e8se, Le syndrome de la page blanche.\" style=\"max-width: 100%; height: auto;\" srcset=\"https:\/\/hiddencurriculum.ca\/wp-content\/uploads\/2022\/04\/CircleChartFinal-French-new-font-UTHC-spelled-out-.png 1725w, https:\/\/hiddencurriculum.ca\/wp-content\/uploads\/2022\/04\/CircleChartFinal-French-new-font-UTHC-spelled-out--300x291.png 300w, https:\/\/hiddencurriculum.ca\/wp-content\/uploads\/2022\/04\/CircleChartFinal-French-new-font-UTHC-spelled-out--1024x993.png 1024w, https:\/\/hiddencurriculum.ca\/wp-content\/uploads\/2022\/04\/CircleChartFinal-French-new-font-UTHC-spelled-out--768x745.png 768w, https:\/\/hiddencurriculum.ca\/wp-content\/uploads\/2022\/04\/CircleChartFinal-French-new-font-UTHC-spelled-out--1536x1490.png 1536w\" sizes=\"auto, 100vw\" \/><\/div><\/div><\/div><\/div>","protected":false},"excerpt":{"rendered":"<p>&nbsp; D\u00e9couvrir le curriculum cach\u00e9 est une initiative interinstitutionnelle, intersectorielle et interdisciplinaire destin\u00e9e \u00e0 soutenir le perfectionnement p\u00e9dagogique, personnel et professionnel des apprenants et apprenantes. [&hellip;]<\/p>\n","protected":false},"author":1,"featured_media":0,"parent":0,"menu_order":1,"comment_status":"closed","ping_status":"closed","template":"","meta":{"inline_featured_image":false,"footnotes":"","_links_to":"","_links_to_target":""},"folder":[],"class_list":["post-1581","page","type-page","status-publish","hentry"],"acf":[],"yoast_head":"<!-- This site is optimized with the Yoast SEO plugin v18.8 - https:\/\/yoast.com\/wordpress\/plugins\/seo\/ -->\n<title>\u00c0 propos de nous | Uncovering The Hidden Curriculum<\/title>\n<meta name=\"robots\" content=\"index, follow, max-snippet:-1, max-image-preview:large, max-video-preview:-1\" \/>\n<link rel=\"canonical\" href=\"https:\/\/hiddencurriculum.ca\/fr\/a-propos-de-nous\/\" \/>\n<meta property=\"og:locale\" content=\"fr_FR\" \/>\n<meta property=\"og:type\" content=\"article\" \/>\n<meta property=\"og:title\" content=\"\u00c0 propos de nous | Uncovering The Hidden Curriculum\" \/>\n<meta property=\"og:description\" content=\"&nbsp; D\u00e9couvrir le curriculum cach\u00e9 est une initiative interinstitutionnelle, intersectorielle et interdisciplinaire destin\u00e9e \u00e0 soutenir le perfectionnement p\u00e9dagogique, personnel et professionnel des apprenants et apprenantes. [&hellip;]\" \/>\n<meta property=\"og:url\" content=\"https:\/\/hiddencurriculum.ca\/fr\/a-propos-de-nous\/\" \/>\n<meta property=\"og:site_name\" content=\"Uncovering The Hidden Curriculum\" \/>\n<meta property=\"article:modified_time\" content=\"2022-05-09T16:54:46+00:00\" \/>\n<meta name=\"twitter:card\" content=\"summary_large_image\" \/>\n<meta name=\"twitter:label1\" content=\"Dur\u00e9e de lecture estim\u00e9e\" \/>\n\t<meta name=\"twitter:data1\" content=\"2 minutes\" \/>\n<script type=\"application\/ld+json\" class=\"yoast-schema-graph\">{\"@context\":\"https:\/\/schema.org\",\"@graph\":[{\"@type\":\"Organization\",\"@id\":\"https:\/\/hiddencurriculum.ca\/#organization\",\"name\":\"Uncovering The Hidden Curriculum\",\"url\":\"https:\/\/hiddencurriculum.ca\/\",\"sameAs\":[],\"logo\":{\"@type\":\"ImageObject\",\"inLanguage\":\"fr-FR\",\"@id\":\"https:\/\/hiddencurriculum.ca\/#\/schema\/logo\/image\/\",\"url\":\"https:\/\/hiddencurriculum.ca\/wp-content\/uploads\/2022\/02\/logo.jpg\",\"contentUrl\":\"https:\/\/hiddencurriculum.ca\/wp-content\/uploads\/2022\/02\/logo.jpg\",\"width\":612,\"height\":123,\"caption\":\"Uncovering The Hidden Curriculum\"},\"image\":{\"@id\":\"https:\/\/hiddencurriculum.ca\/#\/schema\/logo\/image\/\"}},{\"@type\":\"WebSite\",\"@id\":\"https:\/\/hiddencurriculum.ca\/#website\",\"url\":\"https:\/\/hiddencurriculum.ca\/\",\"name\":\"Uncovering The Hidden Curriculum\",\"description\":\"\",\"publisher\":{\"@id\":\"https:\/\/hiddencurriculum.ca\/#organization\"},\"potentialAction\":[{\"@type\":\"SearchAction\",\"target\":{\"@type\":\"EntryPoint\",\"urlTemplate\":\"https:\/\/hiddencurriculum.ca\/?s={search_term_string}\"},\"query-input\":\"required name=search_term_string\"}],\"inLanguage\":\"fr-FR\"},{\"@type\":\"WebPage\",\"@id\":\"https:\/\/hiddencurriculum.ca\/fr\/a-propos-de-nous\/#webpage\",\"url\":\"https:\/\/hiddencurriculum.ca\/fr\/a-propos-de-nous\/\",\"name\":\"\u00c0 propos de nous | Uncovering The Hidden Curriculum\",\"isPartOf\":{\"@id\":\"https:\/\/hiddencurriculum.ca\/#website\"},\"datePublished\":\"2022-02-02T12:46:55+00:00\",\"dateModified\":\"2022-05-09T16:54:46+00:00\",\"breadcrumb\":{\"@id\":\"https:\/\/hiddencurriculum.ca\/fr\/a-propos-de-nous\/#breadcrumb\"},\"inLanguage\":\"fr-FR\",\"potentialAction\":[{\"@type\":\"ReadAction\",\"target\":[\"https:\/\/hiddencurriculum.ca\/fr\/a-propos-de-nous\/\"]}]},{\"@type\":\"BreadcrumbList\",\"@id\":\"https:\/\/hiddencurriculum.ca\/fr\/a-propos-de-nous\/#breadcrumb\",\"itemListElement\":[{\"@type\":\"ListItem\",\"position\":1,\"name\":\"Home\",\"item\":\"https:\/\/hiddencurriculum.ca\/fr\/\"},{\"@type\":\"ListItem\",\"position\":2,\"name\":\"\u00c0 propos de nous\"}]}]}<\/script>\n<!-- \/ Yoast SEO plugin. -->","yoast_head_json":{"title":"\u00c0 propos de nous | Uncovering The Hidden Curriculum","robots":{"index":"index","follow":"follow","max-snippet":"max-snippet:-1","max-image-preview":"max-image-preview:large","max-video-preview":"max-video-preview:-1"},"canonical":"https:\/\/hiddencurriculum.ca\/fr\/a-propos-de-nous\/","og_locale":"fr_FR","og_type":"article","og_title":"\u00c0 propos de nous | Uncovering The Hidden Curriculum","og_description":"&nbsp; D\u00e9couvrir le curriculum cach\u00e9 est une initiative interinstitutionnelle, intersectorielle et interdisciplinaire destin\u00e9e \u00e0 soutenir le perfectionnement p\u00e9dagogique, personnel et professionnel des apprenants et apprenantes. [&hellip;]","og_url":"https:\/\/hiddencurriculum.ca\/fr\/a-propos-de-nous\/","og_site_name":"Uncovering The Hidden Curriculum","article_modified_time":"2022-05-09T16:54:46+00:00","twitter_card":"summary_large_image","twitter_misc":{"Dur\u00e9e de lecture estim\u00e9e":"2 minutes"},"schema":{"@context":"https:\/\/schema.org","@graph":[{"@type":"Organization","@id":"https:\/\/hiddencurriculum.ca\/#organization","name":"Uncovering The Hidden Curriculum","url":"https:\/\/hiddencurriculum.ca\/","sameAs":[],"logo":{"@type":"ImageObject","inLanguage":"fr-FR","@id":"https:\/\/hiddencurriculum.ca\/#\/schema\/logo\/image\/","url":"https:\/\/hiddencurriculum.ca\/wp-content\/uploads\/2022\/02\/logo.jpg","contentUrl":"https:\/\/hiddencurriculum.ca\/wp-content\/uploads\/2022\/02\/logo.jpg","width":612,"height":123,"caption":"Uncovering The Hidden Curriculum"},"image":{"@id":"https:\/\/hiddencurriculum.ca\/#\/schema\/logo\/image\/"}},{"@type":"WebSite","@id":"https:\/\/hiddencurriculum.ca\/#website","url":"https:\/\/hiddencurriculum.ca\/","name":"Uncovering The Hidden Curriculum","description":"","publisher":{"@id":"https:\/\/hiddencurriculum.ca\/#organization"},"potentialAction":[{"@type":"SearchAction","target":{"@type":"EntryPoint","urlTemplate":"https:\/\/hiddencurriculum.ca\/?s={search_term_string}"},"query-input":"required name=search_term_string"}],"inLanguage":"fr-FR"},{"@type":"WebPage","@id":"https:\/\/hiddencurriculum.ca\/fr\/a-propos-de-nous\/#webpage","url":"https:\/\/hiddencurriculum.ca\/fr\/a-propos-de-nous\/","name":"\u00c0 propos de nous | Uncovering The Hidden Curriculum","isPartOf":{"@id":"https:\/\/hiddencurriculum.ca\/#website"},"datePublished":"2022-02-02T12:46:55+00:00","dateModified":"2022-05-09T16:54:46+00:00","breadcrumb":{"@id":"https:\/\/hiddencurriculum.ca\/fr\/a-propos-de-nous\/#breadcrumb"},"inLanguage":"fr-FR","potentialAction":[{"@type":"ReadAction","target":["https:\/\/hiddencurriculum.ca\/fr\/a-propos-de-nous\/"]}]},{"@type":"BreadcrumbList","@id":"https:\/\/hiddencurriculum.ca\/fr\/a-propos-de-nous\/#breadcrumb","itemListElement":[{"@type":"ListItem","position":1,"name":"Home","item":"https:\/\/hiddencurriculum.ca\/fr\/"},{"@type":"ListItem","position":2,"name":"\u00c0 propos de nous"}]}]}},"_links":{"self":[{"href":"https:\/\/hiddencurriculum.ca\/fr\/wp-json\/wp\/v2\/pages\/1581","targetHints":{"allow":["GET"]}}],"collection":[{"href":"https:\/\/hiddencurriculum.ca\/fr\/wp-json\/wp\/v2\/pages"}],"about":[{"href":"https:\/\/hiddencurriculum.ca\/fr\/wp-json\/wp\/v2\/types\/page"}],"author":[{"embeddable":true,"href":"https:\/\/hiddencurriculum.ca\/fr\/wp-json\/wp\/v2\/users\/1"}],"replies":[{"embeddable":true,"href":"https:\/\/hiddencurriculum.ca\/fr\/wp-json\/wp\/v2\/comments?post=1581"}],"version-history":[{"count":4,"href":"https:\/\/hiddencurriculum.ca\/fr\/wp-json\/wp\/v2\/pages\/1581\/revisions"}],"predecessor-version":[{"id":2542,"href":"https:\/\/hiddencurriculum.ca\/fr\/wp-json\/wp\/v2\/pages\/1581\/revisions\/2542"}],"wp:attachment":[{"href":"https:\/\/hiddencurriculum.ca\/fr\/wp-json\/wp\/v2\/media?parent=1581"}],"wp:term":[{"taxonomy":"folder","embeddable":true,"href":"https:\/\/hiddencurriculum.ca\/fr\/wp-json\/wp\/v2\/folder?post=1581"}],"curies":[{"name":"wp","href":"https:\/\/api.w.org\/{rel}","templated":true}]}}